{"id":695,"date":"2022-05-07T07:17:35","date_gmt":"2022-05-07T05:17:35","guid":{"rendered":"http:\/\/crisjoyas.com\/?page_id=695"},"modified":"2022-05-07T07:40:09","modified_gmt":"2022-05-07T05:40:09","slug":"envios-y-entregas","status":"publish","type":"page","link":"https:\/\/www.crisjoyas.com\/fr\/envios-y-entregas\/","title":{"rendered":"EXP\u00c9DITION ET LIVRAISONS"},"content":{"rendered":"<div data-elementor-type=\"wp-page\" data-elementor-id=\"695\" class=\"elementor elementor-695\" data-elementor-post-type=\"page\">\n\t\t\t\t\t\t<section class=\"wd-negative-gap elementor-section elementor-top-section elementor-element elementor-element-35fe65f9 elementor-section-boxed elementor-section-height-default elementor-section-height-default wd-section-disabled\" data-id=\"35fe65f9\" data-element_type=\"section\" data-e-type=\"section\">\n\t\t\t\t\t\t<div class=\"elementor-container elementor-column-gap-default\">\n\t\t\t\t\t<div class=\"elementor-column elementor-col-100 elementor-top-column elementor-element elementor-element-75e9fb66\" data-id=\"75e9fb66\" data-element_type=\"column\" data-e-type=\"column\">\n\t\t\t<div class=\"elementor-widget-wrap elementor-element-populated\">\n\t\t\t\t\t\t<div class=\"elementor-element elementor-element-4ca4700f color-scheme-inherit text-left elementor-widget elementor-widget-text-editor\" data-id=\"4ca4700f\" data-element_type=\"widget\" data-e-type=\"widget\" data-widget_type=\"text-editor.default\">\n\t\t\t\t<div class=\"elementor-widget-container\">\n\t\t\t\t\t\t\t\t\t\n<div id=\"wp-block-themeisle-blocks-advanced-columns-c08f78b5\" class=\"wp-block-themeisle-blocks-advanced-columns has-0-columns has-desktop-undefined-layout has-tablet-equal-layout has-mobile-equal-layout has-vertical-unset\"><div class=\"wp-block-themeisle-blocks-advanced-columns-overlay\"><\/div><div class=\"innerblocks-wrap\"><\/div><\/div>\n\t\t\t\t\t\t\t\t<\/div>\n\t\t\t\t<\/div>\n\t\t\t\t\t<\/div>\n\t\t<\/div>\n\t\t\t\t\t<\/div>\n\t\t<\/section>\n\t\t<div class=\"wd-negative-gap elementor-element elementor-element-98f66e7 e-flex e-con-boxed wd-section-disabled e-con e-parent\" data-id=\"98f66e7\" data-element_type=\"container\" data-e-type=\"container\">\n\t\t\t\t\t<div class=\"e-con-inner\">\n\t\t\t\t<div class=\"elementor-element elementor-element-ba6e192 color-scheme-inherit text-left elementor-widget elementor-widget-text-editor\" data-id=\"ba6e192\" data-element_type=\"widget\" data-e-type=\"widget\" data-widget_type=\"text-editor.default\">\n\t\t\t\t<div class=\"elementor-widget-container\">\n\t\t\t\t\t\t\t\t\t<p><strong>Nous livrons actuellement dans les pays suivants :<\/strong><br \/>Espagne<br \/>France<br \/>Allemagne<br \/>Italie<br \/>Pays-Bas<br \/>Belgique<br \/>Irlande<br \/>ROYAUME-UNI.<br \/>Danemark<br \/>Gr\u00e8ce<br \/>Finlande<br \/>Su\u00e8de<br \/>Pologne<br \/>Norv\u00e8ge<br \/>Autriche<br \/>Portugal<br \/>Hongrie<br \/>R\u00e9publique tch\u00e8que<br \/>Slovaquie<br \/>Bulgarie<br \/>Chypre<br \/>Roumanie<br \/>Mexique<br \/>NOUS.<br \/>Canada<br \/>Australie<br \/>Afrique du Sud<br \/>Japon<\/p>\n<p>Votre commande sera exp\u00e9di\u00e9e dans les 24 heures ouvrables suivant la r\u00e9ception de votre e-mail de confirmation de commande.<\/p>\n<p>Remarque : les envois ne peuvent pas \u00eatre effectu\u00e9s vers des bo\u00eetes postales.<\/p>\n<p>Livraison standard : 2 \u00e0 15 jours 3,99 \u20ac Gratuit \u00e0 partir de : 38,00 \u20ac<\/p>\n<p>\u00a0<\/p>\n<p>\u00a0<\/p>\n<p>\u00a0<\/p>\t\t\t\t\t\t\t\t<\/div>\n\t\t\t\t<\/div>\n\t\t\t\t\t<\/div>\n\t\t\t\t<\/div>\n\t\t\t\t<\/div>","protected":false},"excerpt":{"rendered":"<p>Actualmente, entregamos en los siguientes pa\u00edses:Espa\u00f1aFranciaAlemaniaItaliaPa\u00edses BajosB\u00e9lgicaIrlandaREINO UNIDO.DinamarcaGreciaFinlandiaSueciaPoloniaNoruegaAustriaPortugalHungr\u00edaRepublica checaEslovaquiaBulgariaChipreRumaniaM\u00e9xicoA NOSOTROS.Canad\u00e1AustraliaSud\u00e1fricaJap\u00f3n Tu pedido ser\u00e1 enviado a las 24 horas h\u00e1biles de<\/p>","protected":false},"author":1,"featured_media":0,"parent":0,"menu_order":0,"comment_status":"closed","ping_status":"closed","template":"","meta":{"_themeisle_gutenberg_block_has_review":false,"footnotes":""},"class_list":["post-695","page","type-page","status-publish","hentry"],"_links":{"self":[{"href":"https:\/\/www.crisjoyas.com\/fr\/wp-json\/wp\/v2\/pages\/695","targetHints":{"allow":["GET"]}}],"collection":[{"href":"https:\/\/www.crisjoyas.com\/fr\/wp-json\/wp\/v2\/pages"}],"about":[{"href":"https:\/\/www.crisjoyas.com\/fr\/wp-json\/wp\/v2\/types\/page"}],"author":[{"embeddable":true,"href":"https:\/\/www.crisjoyas.com\/fr\/wp-json\/wp\/v2\/users\/1"}],"replies":[{"embeddable":true,"href":"https:\/\/www.crisjoyas.com\/fr\/wp-json\/wp\/v2\/comments?post=695"}],"version-history":[{"count":5,"href":"https:\/\/www.crisjoyas.com\/fr\/wp-json\/wp\/v2\/pages\/695\/revisions"}],"predecessor-version":[{"id":700,"href":"https:\/\/www.crisjoyas.com\/fr\/wp-json\/wp\/v2\/pages\/695\/revisions\/700"}],"wp:attachment":[{"href":"https:\/\/www.crisjoyas.com\/fr\/wp-json\/wp\/v2\/media?parent=695"}],"curies":[{"name":"wp","href":"https:\/\/api.w.org\/{rel}","templated":true}]}}