{"id":701,"date":"2022-05-07T07:41:26","date_gmt":"2022-05-07T05:41:26","guid":{"rendered":"http:\/\/crisjoyas.com\/?page_id=701"},"modified":"2022-05-07T07:43:12","modified_gmt":"2022-05-07T05:43:12","slug":"estado-de-mi-pedido","status":"publish","type":"page","link":"https:\/\/www.crisjoyas.com\/fr\/estado-de-mi-pedido\/","title":{"rendered":"STATUT DE MA COMMANDE"},"content":{"rendered":"<div data-elementor-type=\"wp-page\" data-elementor-id=\"701\" class=\"elementor elementor-701\" data-elementor-post-type=\"page\">\n\t\t\t\t<div class=\"wd-negative-gap elementor-element elementor-element-00805db e-flex e-con-boxed wd-section-disabled e-con e-parent\" data-id=\"00805db\" data-element_type=\"container\" data-e-type=\"container\">\n\t\t\t\t\t<div class=\"e-con-inner\">\n\t\t\t\t<div class=\"elementor-element elementor-element-6da4a5f color-scheme-inherit text-left elementor-widget elementor-widget-text-editor\" data-id=\"6da4a5f\" data-element_type=\"widget\" data-e-type=\"widget\" data-widget_type=\"text-editor.default\">\n\t\t\t\t<div class=\"elementor-widget-container\">\n\t\t\t\t\t\t\t\t\t<h3 class=\"f-25\" style=\"text-align: center;\">SUIVI DES COMMANDES<\/h3>\n<p>\u00a0<\/p>\n<p>\u00a0<\/p>\n<p>Remarque importante : la mise \u00e0 jour du statut de votre commande peut prendre jusqu&#039;\u00e0 24 heures une fois celle-ci exp\u00e9di\u00e9e. N&#039;h\u00e9sitez pas \u00e0 nous contacter pour toute question concernant votre envoi.<\/p>\t\t\t\t\t\t\t\t<\/div>\n\t\t\t\t<\/div>\n\t\t\t\t\t<\/div>\n\t\t\t\t<\/div>\n\t\t\t\t<section class=\"wd-negative-gap elementor-section elementor-top-section elementor-element elementor-element-4bbebc6a elementor-section-boxed elementor-section-height-default elementor-section-height-default wd-section-disabled\" data-id=\"4bbebc6a\" data-element_type=\"section\" data-e-type=\"section\">\n\t\t\t\t\t\t<div class=\"elementor-container elementor-column-gap-default\">\n\t\t\t\t\t<div class=\"elementor-column elementor-col-100 elementor-top-column elementor-element elementor-element-f547495\" data-id=\"f547495\" data-element_type=\"column\" data-e-type=\"column\">\n\t\t\t<div class=\"elementor-widget-wrap elementor-element-populated\">\n\t\t\t\t\t\t<div class=\"elementor-element elementor-element-1e18c799 color-scheme-inherit text-left elementor-widget elementor-widget-text-editor\" data-id=\"1e18c799\" data-element_type=\"widget\" data-e-type=\"widget\" data-widget_type=\"text-editor.default\">\n\t\t\t\t<div class=\"elementor-widget-container\">\n\t\t\t\t\t\t\t\t\t\n<div id=\"wp-block-themeisle-blocks-advanced-columns-d6581e6c\" class=\"wp-block-themeisle-blocks-advanced-columns has-0-columns has-desktop-undefined-layout has-tablet-equal-layout has-mobile-equal-layout has-vertical-unset\"><div class=\"wp-block-themeisle-blocks-advanced-columns-overlay\"><\/div><div class=\"innerblocks-wrap\"><\/div><\/div>\n\t\t\t\t\t\t\t\t<\/div>\n\t\t\t\t<\/div>\n\t\t\t\t\t<\/div>\n\t\t<\/div>\n\t\t\t\t\t<\/div>\n\t\t<\/section>\n\t\t\t\t<\/div>","protected":false},"excerpt":{"rendered":"<p>SEGUIMIENTO DEL PEDIDO \u00a0 \u00a0 Nota importante: El status del pedido puede tardar hasta 24 horas en salir actualizado una<\/p>","protected":false},"author":1,"featured_media":0,"parent":0,"menu_order":0,"comment_status":"closed","ping_status":"closed","template":"","meta":{"_themeisle_gutenberg_block_has_review":false,"footnotes":""},"class_list":["post-701","page","type-page","status-publish","hentry"],"_links":{"self":[{"href":"https:\/\/www.crisjoyas.com\/fr\/wp-json\/wp\/v2\/pages\/701","targetHints":{"allow":["GET"]}}],"collection":[{"href":"https:\/\/www.crisjoyas.com\/fr\/wp-json\/wp\/v2\/pages"}],"about":[{"href":"https:\/\/www.crisjoyas.com\/fr\/wp-json\/wp\/v2\/types\/page"}],"author":[{"embeddable":true,"href":"https:\/\/www.crisjoyas.com\/fr\/wp-json\/wp\/v2\/users\/1"}],"replies":[{"embeddable":true,"href":"https:\/\/www.crisjoyas.com\/fr\/wp-json\/wp\/v2\/comments?post=701"}],"version-history":[{"count":4,"href":"https:\/\/www.crisjoyas.com\/fr\/wp-json\/wp\/v2\/pages\/701\/revisions"}],"predecessor-version":[{"id":705,"href":"https:\/\/www.crisjoyas.com\/fr\/wp-json\/wp\/v2\/pages\/701\/revisions\/705"}],"wp:attachment":[{"href":"https:\/\/www.crisjoyas.com\/fr\/wp-json\/wp\/v2\/media?parent=701"}],"curies":[{"name":"wp","href":"https:\/\/api.w.org\/{rel}","templated":true}]}}