{"id":716,"date":"2022-05-07T08:12:30","date_gmt":"2022-05-07T06:12:30","guid":{"rendered":"http:\/\/crisjoyas.com\/?page_id=716"},"modified":"2022-05-09T17:52:38","modified_gmt":"2022-05-09T15:52:38","slug":"europa","status":"publish","type":"page","link":"https:\/\/www.crisjoyas.com\/fr\/europa\/","title":{"rendered":"Europe"},"content":{"rendered":"<div data-elementor-type=\"wp-page\" data-elementor-id=\"716\" class=\"elementor elementor-716\" data-elementor-post-type=\"page\">\n\t\t\t\t\t\t<section class=\"wd-negative-gap elementor-section elementor-top-section elementor-element elementor-element-7dd855d9 elementor-section-boxed elementor-section-height-default elementor-section-height-default wd-section-disabled\" data-id=\"7dd855d9\" data-element_type=\"section\" data-e-type=\"section\">\n\t\t\t\t\t\t<div class=\"elementor-container elementor-column-gap-default\">\n\t\t\t\t\t<div class=\"elementor-column elementor-col-100 elementor-top-column elementor-element elementor-element-9db0619\" data-id=\"9db0619\" data-element_type=\"column\" data-e-type=\"column\">\n\t\t\t<div class=\"elementor-widget-wrap elementor-element-populated\">\n\t\t\t\t\t\t<div class=\"elementor-element elementor-element-5f11570a color-scheme-inherit text-left elementor-widget elementor-widget-text-editor\" data-id=\"5f11570a\" data-element_type=\"widget\" data-e-type=\"widget\" data-widget_type=\"text-editor.default\">\n\t\t\t\t<div class=\"elementor-widget-container\">\n\t\t\t\t\t\t\t\t\t\n<div id=\"wp-block-themeisle-blocks-advanced-columns-a9861045\" class=\"wp-block-themeisle-blocks-advanced-columns has-0-columns has-desktop-undefined-layout has-tablet-equal-layout has-mobile-equal-layout has-vertical-unset\"><div class=\"wp-block-themeisle-blocks-advanced-columns-overlay\"><\/div><div class=\"innerblocks-wrap\"><\/div><\/div>\n\t\t\t\t\t\t\t\t<\/div>\n\t\t\t\t<\/div>\n\t\t\t\t\t<\/div>\n\t\t<\/div>\n\t\t\t\t\t<\/div>\n\t\t<\/section>\n\t\t<div class=\"wd-negative-gap elementor-element elementor-element-d6358ba e-flex e-con-boxed wd-section-disabled e-con e-parent\" data-id=\"d6358ba\" data-element_type=\"container\" data-e-type=\"container\">\n\t\t\t\t\t<div class=\"e-con-inner\">\n\t\t\t\t<div class=\"elementor-element elementor-element-1d98d98 elementor-widget elementor-widget-heading\" data-id=\"1d98d98\" data-element_type=\"widget\" data-e-type=\"widget\" data-widget_type=\"heading.default\">\n\t\t\t\t<div class=\"elementor-widget-container\">\n\t\t\t\t\t<h2 class=\"elementor-heading-title elementor-size-default\">Quelles sont les options de retour en Europe ?<\/h2>\t\t\t\t<\/div>\n\t\t\t\t<\/div>\n\t\t\t\t\t<\/div>\n\t\t\t\t<\/div>\n\t\t<div class=\"wd-negative-gap elementor-element elementor-element-e39f94d e-flex e-con-boxed wd-section-disabled e-con e-parent\" data-id=\"e39f94d\" data-element_type=\"container\" data-e-type=\"container\">\n\t\t\t\t\t<div class=\"e-con-inner\">\n\t\t\t\t<div class=\"elementor-element elementor-element-e588eb2 color-scheme-inherit text-left elementor-widget elementor-widget-text-editor\" data-id=\"e588eb2\" data-element_type=\"widget\" data-e-type=\"widget\" data-widget_type=\"text-editor.default\">\n\t\t\t\t<div class=\"elementor-widget-container\">\n\t\t\t\t\t\t\t\t\t<p>\u00a0<\/p>\n<p><strong>Important:<\/strong>\u00a0Les produits personnalis\u00e9s ne peuvent pas \u00eatre retourn\u00e9s\/rembours\u00e9s. Si la commande est retourn\u00e9e \u00e0 l&#039;entrep\u00f4t, elle sera renvoy\u00e9e \u00e0 l&#039;acheteur et les frais d&#039;exp\u00e9dition seront \u00e0 la charge de l&#039;acheteur.<\/p>\n<p>\u00a0<\/p>\n<p><strong>Nous offrons des retours :<\/strong><\/p>\n<p>Envoyez votre colis \u00e0 notre entrep\u00f4t (les frais de port sont \u00e0 la charge du client). Envoyez-nous d&#039;abord un e-mail, return@crisjoyas.com<\/p>\n<p><br \/><strong>Quels frais s&#039;appliqueront si je retourne l&#039;int\u00e9gralit\u00e9 de ma commande ou si je demande un \u00e9change ?<\/strong><\/p>\n<p>\u00c9change d&#039;article : Pour chaque commande, CRISJOYAS propose un premier \u00e9change sans frais de traitement. La deuxi\u00e8me demande d&#039;\u00e9change aura un co\u00fbt total de 10\u20ac en Europe (frais de port inclus).<\/p>\n<p><strong>Notes :<\/strong> <br \/>Vous disposez de 30 jours calendaires \u00e0 compter de la r\u00e9ception de votre commande pour proc\u00e9der \u00e0 l&#039;\u00e9change ou au retour. <br \/>Vous recevrez un remboursement pour les produits retourn\u00e9s en utilisant le m\u00eame moyen de paiement que celui que vous avez utilis\u00e9 pour votre achat. Les remboursements peuvent prendre jusqu&#039;\u00e0 30 jours calendaires \u00e0 compter de la date de r\u00e9ception du colis dans notre entrep\u00f4t. Veuillez noter que les frais de livraison pour la commande initiale sont exclus du montant d\u00fb. <br \/>CRISJOYAS ne sera pas responsable de toute perte que le colis pourrait subir pendant l&#039;exp\u00e9dition, et il sera de la responsabilit\u00e9 du client de s&#039;assurer que le colis arrive dans nos installations en bon \u00e9tat. <br \/>Si la commande contient des produits promotionnels, ceux-ci doivent \u00eatre retourn\u00e9s si la commande ne r\u00e9pond pas aux conditions promotionnelles \u00e0 la suite du retour.<\/p>\n<p>\u00a0<\/p>\n<p>\u00a0<\/p>\n<p>\u00a0<\/p>\t\t\t\t\t\t\t\t<\/div>\n\t\t\t\t<\/div>\n\t\t\t\t\t<\/div>\n\t\t\t\t<\/div>\n\t\t\t\t<\/div>","protected":false},"excerpt":{"rendered":"<p>\u00bfCu\u00e1les son las opciones de devoluci\u00f3n en Europa? Importante:&nbsp;los productos personalizados no pueden ser devueltos \/ reembolsados.&nbsp;En caso de que<\/p>","protected":false},"author":1,"featured_media":0,"parent":0,"menu_order":0,"comment_status":"closed","ping_status":"closed","template":"","meta":{"_themeisle_gutenberg_block_has_review":false,"footnotes":""},"class_list":["post-716","page","type-page","status-publish","hentry"],"_links":{"self":[{"href":"https:\/\/www.crisjoyas.com\/fr\/wp-json\/wp\/v2\/pages\/716","targetHints":{"allow":["GET"]}}],"collection":[{"href":"https:\/\/www.crisjoyas.com\/fr\/wp-json\/wp\/v2\/pages"}],"about":[{"href":"https:\/\/www.crisjoyas.com\/fr\/wp-json\/wp\/v2\/types\/page"}],"author":[{"embeddable":true,"href":"https:\/\/www.crisjoyas.com\/fr\/wp-json\/wp\/v2\/users\/1"}],"replies":[{"embeddable":true,"href":"https:\/\/www.crisjoyas.com\/fr\/wp-json\/wp\/v2\/comments?post=716"}],"version-history":[{"count":5,"href":"https:\/\/www.crisjoyas.com\/fr\/wp-json\/wp\/v2\/pages\/716\/revisions"}],"predecessor-version":[{"id":784,"href":"https:\/\/www.crisjoyas.com\/fr\/wp-json\/wp\/v2\/pages\/716\/revisions\/784"}],"wp:attachment":[{"href":"https:\/\/www.crisjoyas.com\/fr\/wp-json\/wp\/v2\/media?parent=716"}],"curies":[{"name":"wp","href":"https:\/\/api.w.org\/{rel}","templated":true}]}}