{"id":722,"date":"2022-05-07T08:29:43","date_gmt":"2022-05-07T06:29:43","guid":{"rendered":"http:\/\/crisjoyas.com\/?page_id=722"},"modified":"2022-05-07T08:32:18","modified_gmt":"2022-05-07T06:32:18","slug":"fuera-de-europa","status":"publish","type":"page","link":"https:\/\/www.crisjoyas.com\/fr\/fuera-de-europa\/","title":{"rendered":"Hors Europe"},"content":{"rendered":"<div data-elementor-type=\"wp-page\" data-elementor-id=\"722\" class=\"elementor elementor-722\" data-elementor-post-type=\"page\">\n\t\t\t\t\t\t<section class=\"wd-negative-gap elementor-section elementor-top-section elementor-element elementor-element-23cd66a elementor-section-boxed elementor-section-height-default elementor-section-height-default wd-section-disabled\" data-id=\"23cd66a\" data-element_type=\"section\" data-e-type=\"section\">\n\t\t\t\t\t\t<div class=\"elementor-container elementor-column-gap-default\">\n\t\t\t\t\t<div class=\"elementor-column elementor-col-100 elementor-top-column elementor-element elementor-element-120d79ac\" data-id=\"120d79ac\" data-element_type=\"column\" data-e-type=\"column\">\n\t\t\t<div class=\"elementor-widget-wrap elementor-element-populated\">\n\t\t\t\t\t\t<div class=\"elementor-element elementor-element-45a35cbf color-scheme-inherit text-left elementor-widget elementor-widget-text-editor\" data-id=\"45a35cbf\" data-element_type=\"widget\" data-e-type=\"widget\" data-widget_type=\"text-editor.default\">\n\t\t\t\t<div class=\"elementor-widget-container\">\n\t\t\t\t\t\t\t\t\t\n<div id=\"wp-block-themeisle-blocks-advanced-columns-b714c92a\" class=\"wp-block-themeisle-blocks-advanced-columns has-0-columns has-desktop-undefined-layout has-tablet-equal-layout has-mobile-equal-layout has-vertical-unset\"><div class=\"wp-block-themeisle-blocks-advanced-columns-overlay\"><\/div><div class=\"innerblocks-wrap\"><\/div><\/div>\n\t\t\t\t\t\t\t\t<\/div>\n\t\t\t\t<\/div>\n\t\t\t\t\t<\/div>\n\t\t<\/div>\n\t\t\t\t\t<\/div>\n\t\t<\/section>\n\t\t<div class=\"wd-negative-gap elementor-element elementor-element-daf018b e-flex e-con-boxed wd-section-disabled e-con e-parent\" data-id=\"daf018b\" data-element_type=\"container\" data-e-type=\"container\">\n\t\t\t\t\t<div class=\"e-con-inner\">\n\t\t\t\t<div class=\"elementor-element elementor-element-2e3ab5c elementor-widget elementor-widget-heading\" data-id=\"2e3ab5c\" data-element_type=\"widget\" data-e-type=\"widget\" data-widget_type=\"heading.default\">\n\t\t\t\t<div class=\"elementor-widget-container\">\n\t\t\t\t\t<h2 class=\"elementor-heading-title elementor-size-default\">Quelles sont les options de retour en dehors de l&#039;Europe ?<\/h2>\t\t\t\t<\/div>\n\t\t\t\t<\/div>\n\t\t\t\t\t<\/div>\n\t\t\t\t<\/div>\n\t\t<div class=\"wd-negative-gap elementor-element elementor-element-a151ec2 e-flex e-con-boxed wd-section-disabled e-con e-parent\" data-id=\"a151ec2\" data-element_type=\"container\" data-e-type=\"container\">\n\t\t\t\t\t<div class=\"e-con-inner\">\n\t\t\t\t<div class=\"elementor-element elementor-element-1b98524 color-scheme-inherit text-left elementor-widget elementor-widget-text-editor\" data-id=\"1b98524\" data-element_type=\"widget\" data-e-type=\"widget\" data-widget_type=\"text-editor.default\">\n\t\t\t\t<div class=\"elementor-widget-container\">\n\t\t\t\t\t\t\t\t\t<p><br \/><strong>Important:<\/strong> Les produits personnalis\u00e9s ne peuvent pas \u00eatre retourn\u00e9s\/rembours\u00e9s. Si la commande est retourn\u00e9e \u00e0 l&#039;entrep\u00f4t, elle sera renvoy\u00e9e \u00e0 l&#039;acheteur et les frais d&#039;exp\u00e9dition seront \u00e0 la charge de l&#039;acheteur.<\/p>\n<p>Vous pouvez nous retourner vos bijoux \u00e0 vos frais jusqu&#039;\u00e0 30 jours calendaires apr\u00e8s r\u00e9ception de votre commande. Veuillez d&#039;abord nous envoyer un e-mail, <span style=\"text-decoration: underline;\">return@crisjoyas.com<\/span><\/p>\n<p><strong>Quels frais s&#039;appliqueront si je demande un remboursement complet de ma commande ou un \u00e9change ?<\/strong><\/p>\n<p>Remboursement complet : il n&#039;y a pas de frais de traitement pour le retour des bijoux. Vous devez envoyer les bijoux par courrier postal, en \u00e9tant responsable des frais d&#039;exp\u00e9dition et des \u00e9ventuels frais de douane.<br \/>\u00c9change d&#039;article : Pour chaque commande, CRISJOYAS propose un \u00e9change gratuit de taille ou de bijoux sans frais de manutention. Les demandes de modification ult\u00e9rieures auront un co\u00fbt total de 10 \u20ac.<br \/>Votre colis doit nous parvenir avec les taxes et les frais de port pay\u00e9s. Dans le cas contraire, le colis sera automatiquement retourn\u00e9 et la demande sera rejet\u00e9e.<\/p>\n<p>\u00a0<\/p>\n<p><strong>Notes :<\/strong><\/p>\n<p>Vous disposez de 30 jours calendaires \u00e0 compter de la r\u00e9ception de votre commande pour traiter le retour. <br \/>Vous recevrez votre remboursement de la m\u00eame mani\u00e8re que vous avez effectu\u00e9 votre achat dans les 30 jours calendaires suivant la r\u00e9ception du colis \u00e0 notre entrep\u00f4t. Veuillez noter que les frais de livraison pour la commande initiale sont exclus du montant d\u00fb. <br \/>CRISJOYAS ne sera pas responsable de toute perte que le colis pourrait subir pendant l&#039;exp\u00e9dition, et il sera de la responsabilit\u00e9 du client de s&#039;assurer que le colis arrive dans nos installations en parfait \u00e9tat.<\/p>\n<p>\u00a0<\/p>\n<p>\u00a0<\/p>\n<p>\u00a0<\/p>\t\t\t\t\t\t\t\t<\/div>\n\t\t\t\t<\/div>\n\t\t\t\t\t<\/div>\n\t\t\t\t<\/div>\n\t\t\t\t<\/div>","protected":false},"excerpt":{"rendered":"<p>\u00bfCu\u00e1les son las opciones de devoluci\u00f3n Fuera de Europa? Importante: los productos personalizados no pueden ser devueltos \/ reembolsados. En<\/p>","protected":false},"author":1,"featured_media":0,"parent":0,"menu_order":0,"comment_status":"closed","ping_status":"closed","template":"","meta":{"_themeisle_gutenberg_block_has_review":false,"footnotes":""},"class_list":["post-722","page","type-page","status-publish","hentry"],"_links":{"self":[{"href":"https:\/\/www.crisjoyas.com\/fr\/wp-json\/wp\/v2\/pages\/722","targetHints":{"allow":["GET"]}}],"collection":[{"href":"https:\/\/www.crisjoyas.com\/fr\/wp-json\/wp\/v2\/pages"}],"about":[{"href":"https:\/\/www.crisjoyas.com\/fr\/wp-json\/wp\/v2\/types\/page"}],"author":[{"embeddable":true,"href":"https:\/\/www.crisjoyas.com\/fr\/wp-json\/wp\/v2\/users\/1"}],"replies":[{"embeddable":true,"href":"https:\/\/www.crisjoyas.com\/fr\/wp-json\/wp\/v2\/comments?post=722"}],"version-history":[{"count":4,"href":"https:\/\/www.crisjoyas.com\/fr\/wp-json\/wp\/v2\/pages\/722\/revisions"}],"predecessor-version":[{"id":726,"href":"https:\/\/www.crisjoyas.com\/fr\/wp-json\/wp\/v2\/pages\/722\/revisions\/726"}],"wp:attachment":[{"href":"https:\/\/www.crisjoyas.com\/fr\/wp-json\/wp\/v2\/media?parent=722"}],"curies":[{"name":"wp","href":"https:\/\/api.w.org\/{rel}","templated":true}]}}