{"id":887,"date":"2022-05-10T15:55:10","date_gmt":"2022-05-10T13:55:10","guid":{"rendered":"http:\/\/crisjoyas.com\/?page_id=887"},"modified":"2022-05-10T16:00:13","modified_gmt":"2022-05-10T14:00:13","slug":"cuidado-de-joyas","status":"publish","type":"page","link":"https:\/\/www.crisjoyas.com\/fr\/cuidado-de-joyas\/","title":{"rendered":"Entretien des bijoux"},"content":{"rendered":"<div data-elementor-type=\"wp-page\" data-elementor-id=\"887\" class=\"elementor elementor-887\" data-elementor-post-type=\"page\">\n\t\t\t\t\t\t<section class=\"elementor-section elementor-top-section elementor-element elementor-element-3d4c052c elementor-section-boxed elementor-section-height-default elementor-section-height-default wd-section-disabled\" data-id=\"3d4c052c\" data-element_type=\"section\" data-e-type=\"section\">\n\t\t\t\t\t\t<div class=\"elementor-container elementor-column-gap-default\">\n\t\t\t\t\t<div class=\"elementor-column elementor-col-100 elementor-top-column elementor-element elementor-element-4334a144\" data-id=\"4334a144\" data-element_type=\"column\" data-e-type=\"column\">\n\t\t\t<div class=\"elementor-widget-wrap elementor-element-populated\">\n\t\t\t\t\t\t<div class=\"elementor-element elementor-element-1eb3df3a color-scheme-inherit text-left elementor-widget elementor-widget-text-editor\" data-id=\"1eb3df3a\" data-element_type=\"widget\" data-e-type=\"widget\" data-widget_type=\"text-editor.default\">\n\t\t\t\t<div class=\"elementor-widget-container\">\n\t\t\t\t\t\t\t\t\t\n<div id=\"wp-block-themeisle-blocks-advanced-columns-81c6a984\" class=\"wp-block-themeisle-blocks-advanced-columns has-1-columns has-desktop-equal-layout has-tablet-equal-layout has-mobile-equal-layout has-vertical-unset\">\n<div class=\"wp-block-themeisle-blocks-advanced-columns-overlay\">\u00a0<\/div>\n<div class=\"innerblocks-wrap\">\n<div id=\"wp-block-themeisle-blocks-advanced-column-8091f794\" class=\"wp-block-themeisle-blocks-advanced-column\">\n<h3 class=\"wp-block-heading\">Comment prendre soin de mes bijoux ?<\/h3>\n<\/div>\n<\/div>\n<\/div>\n\n<p>Pr\u00e9servez la beaut\u00e9, l\u2019\u00e9clat et la long\u00e9vit\u00e9 de vos bijoux.<\/p>\n\n<p>Des moyens simples pour que vos bijoux restent beaux (et brillants) :<\/p>\n\n<p>\u00c9vitez l\u2019exposition aux produits chimiques ou corrosifs, tels que les parfums ou les cosm\u00e9tiques.<br \/>Retirez vos bijoux lorsque vous vous baignez ou nagez. \u00c9viter le contact avec le chlore, le sable ou l\u2019eau de mer.<br \/>Retirez vos bijoux avant de faire du sport ou toute activit\u00e9 physique pour \u00e9viter de les exposer aux chocs ou \u00e0 la transpiration.<br \/>Ne portez pas vos bijoux pendant votre sommeil pour \u00e9viter tout dommage accidentel.<br \/>Rangez vos bijoux dans un endroit propre, frais et sec. \u00c9vitez les temp\u00e9ratures extr\u00eames et la lumi\u00e8re directe du soleil.<\/p>\n\n<h3 class=\"wp-block-heading\">Puis-je me baigner avec mes bijoux ?<\/h3>\n\n<p>CRISJOYAS est un investissement intemporel. Prendre soin de vos bijoux contribuera \u00e0 maintenir leur splendeur, leur \u00e9clat et leur long\u00e9vit\u00e9. Vous trouverez ci-dessous quelques conseils utiles sur la fa\u00e7on d&#039;entretenir et de maintenir vos bijoux (et ce n&#039;est pas difficile\u00a0!)<\/p>\n\n<p>Maintenir la luminosit\u00e9<\/p>\n\n<p>Tous les articles CRISJOYAS ont \u00e9t\u00e9 trait\u00e9s avec une technique qui aide \u00e0 pr\u00e9venir la perte de brillance. Il est n\u00e9anmoins important de prendre en compte les consid\u00e9rations suivantes pour optimiser son bon \u00e9tat dans le temps :<\/p>\n\n<p>Vos bijoux peuvent perdre leur \u00e9clat lorsqu\u2019ils sont expos\u00e9s \u00e0 l\u2019ext\u00e9rieur pendant une longue p\u00e9riode.<br \/>La perte de brillance ou le ternissement est un processus naturel qui peut \u00eatre r\u00e9cup\u00e9r\u00e9 par le lavage.<br \/>Nous vous recommandons fortement de retirer tous vos bijoux avant d&#039;aller dormir, de prendre une douche ou de participer \u00e0 une activit\u00e9 physique.<br \/>L\u2019exposition \u00e0 certains produits chimiques ou environnements peut compromettre l\u2019int\u00e9grit\u00e9 de vos bijoux. Cela comprend (mais sans s&#039;y limiter) : la transpiration, les parfums\/eaux de Cologne, les produits de nettoyage, le chlore, l&#039;eau sal\u00e9e, le produit \u00e0 polir l&#039;argent, etc.<\/p>\n\n<p>Nettoyer vos bijoux<br \/>M\u00e9langez un peu de savon avec de l\u2019eau semi-chaude et frottez l\u2019objet avec une brosse \u00e0 dents souple. Les brosses \u00e0 dents sont id\u00e9ales pour nettoyer les bijoux dont les coins sont difficiles \u00e0 atteindre. Si la salet\u00e9 persiste, effectuez le m\u00eame processus dans de l&#039;eau propre. Important : les pi\u00e8ces plaqu\u00e9es or n\u00e9cessitent un soin particulier. Un frottement excessif peut rendre la baignoire terne, il est donc important de le faire doucement pour \u00e9viter de l&#039;endommager. Un chiffon de polissage pour argent est un excellent moyen de redonner de l&#039;\u00e9clat \u00e0 vos bijoux s&#039;ils se sont ternis avec le temps. Cependant, cette technique n\u2019\u00e9liminera pas les rayures ou les bosses que la pi\u00e8ce pourrait avoir.<\/p>\n\n<p>Comment ranger vos bijoux<br \/>Vos bijoux doivent toujours \u00eatre rang\u00e9s \u00e0 l&#039;abri du soleil et des endroits chauds, id\u00e9alement dans une bo\u00eete \u00e0 bijoux rembourr\u00e9e ou une pochette r\u00e9sistante au ternissement. Ils peuvent \u00e9galement \u00eatre stock\u00e9s dans des sacs individuels en plastique (poly\u00e9thyl\u00e8ne) avec fermeture herm\u00e9tique. N&#039;utilisez jamais de r\u00e9cipients en caoutchouc, car ils provoqueraient un ternissement acc\u00e9l\u00e9r\u00e9 des pi\u00e8ces et risqueraient de les faire noircir. En aucun cas vous ne devez ranger vos bijoux dans une salle de bain ou dans des endroits humides. Veuillez noter que les bo\u00eetes CRISJOYAS ne sont pas con\u00e7ues pour conserver les articles en parfait \u00e9tat pendant de longues p\u00e9riodes, car elles ne sont pas des contenants herm\u00e9tiques et une alt\u00e9ration de couleur peut \u00e9ventuellement appara\u00eetre en cas de manque d&#039;utilisation.<\/p>\n\n<p>Note importante<br \/>CRISJOYAS ne garantit pas que le placage \u00e0 l&#039;or de nos mod\u00e8les durera \u00e9ternellement. Les pi\u00e8ces plaqu\u00e9es or sont, par d\u00e9faut, plus fragiles et susceptibles de perdre leur couleur avec le temps. La vitesse \u00e0 laquelle cette couleur s&#039;estompe d\u00e9pend de multiples facteurs tels que l&#039;utilisation de produits chimiques sur la peau, le niveau de transpiration corporelle ou encore le niveau de pH de la peau de chaque personne. Pour cette raison, il est particuli\u00e8rement important de prendre soin de vos bijoux plaqu\u00e9s or.<\/p>\n<p>\u00a0<\/p>\n<p>\u00a0<\/p>\n<p>\u00a0<\/p>\n\t\t\t\t\t\t\t\t<\/div>\n\t\t\t\t<\/div>\n\t\t\t\t\t<\/div>\n\t\t<\/div>\n\t\t\t\t\t<\/div>\n\t\t<\/section>\n\t\t\t\t<\/div>","protected":false},"excerpt":{"rendered":"<p>Preserva la belleza, brillo y longevidad de tus joyas. Modos sencillos de mantener tus joyas en su mejor (y m\u00e1s<\/p>","protected":false},"author":1,"featured_media":0,"parent":0,"menu_order":0,"comment_status":"closed","ping_status":"closed","template":"","meta":{"_themeisle_gutenberg_block_has_review":false,"footnotes":""},"class_list":["post-887","page","type-page","status-publish","hentry"],"_links":{"self":[{"href":"https:\/\/www.crisjoyas.com\/fr\/wp-json\/wp\/v2\/pages\/887","targetHints":{"allow":["GET"]}}],"collection":[{"href":"https:\/\/www.crisjoyas.com\/fr\/wp-json\/wp\/v2\/pages"}],"about":[{"href":"https:\/\/www.crisjoyas.com\/fr\/wp-json\/wp\/v2\/types\/page"}],"author":[{"embeddable":true,"href":"https:\/\/www.crisjoyas.com\/fr\/wp-json\/wp\/v2\/users\/1"}],"replies":[{"embeddable":true,"href":"https:\/\/www.crisjoyas.com\/fr\/wp-json\/wp\/v2\/comments?post=887"}],"version-history":[{"count":14,"href":"https:\/\/www.crisjoyas.com\/fr\/wp-json\/wp\/v2\/pages\/887\/revisions"}],"predecessor-version":[{"id":902,"href":"https:\/\/www.crisjoyas.com\/fr\/wp-json\/wp\/v2\/pages\/887\/revisions\/902"}],"wp:attachment":[{"href":"https:\/\/www.crisjoyas.com\/fr\/wp-json\/wp\/v2\/media?parent=887"}],"curies":[{"name":"wp","href":"https:\/\/api.w.org\/{rel}","templated":true}]}}