{"id":16305,"date":"2024-04-22T13:00:53","date_gmt":"2024-04-22T11:00:53","guid":{"rendered":"https:\/\/www.crisjoyas.com\/?post_type=product&#038;p=16305"},"modified":"2025-01-31T14:17:14","modified_gmt":"2025-01-31T13:17:14","slug":"piercing-de-oreja-serpiente-brillate-de-plata-d-ley-925-con-circonita","status":"publish","type":"product","link":"https:\/\/www.crisjoyas.com\/fr\/product\/piercing-de-oreja-serpiente-brillate-de-plata-d-ley-925-con-circonita\/","title":{"rendered":"Piercing d&#039;oreille serpent brillant en argent sterling 925 avec zircone"},"content":{"rendered":"<p>Le piercing d&#039;oreille est tr\u00e8s pr\u00e9cieux, il vaut la peine de le mettre dans la bo\u00eete \u00e0 bijoux de chacun.<\/p>\n<p>Nous vous recommandons de le combiner avec d\u2019autres bijoux pour obtenir un look id\u00e9al !<\/p>\n<p>Le piercing d&#039;oreille est en argent sterling 925.<\/p>\n<p>Si vous avez des questions, n&#039;h\u00e9sitez pas \u00e0 nous contacter !<\/p>\n<p>D\u00e9couvrez-en plus sur Piercings .<\/p>\n<ul>\n<li>MAT\u00c9RIAU : Argent sterling 925<\/li>\n<li>PIERRE : Zircone<\/li>\n<li>DIAMETRE DE LA PIERRE : 2 mm<\/li>\n<li>TYPE DE FERMETURE : Boule<\/li>\n<li>TAILLE : 14 mm x 7 mm<\/li>\n<\/ul>\n<p><strong>Liste des paquets :<\/strong><\/p>\n<p>Per\u00e7age d&#039;oreille * 2<\/p>\n<p>Coffret Crisjoyas * 1<\/p>\n<p>Tissu \u00e0 bijoux * 1<\/p>\n<p>Carte de garantie * 1<\/p>\n<p><strong>Exp\u00e9dition et retours :<\/strong><\/p>\n<p>Votre commande sera exp\u00e9di\u00e9e dans les 24 heures ouvrables suivant la r\u00e9ception de votre e-mail de confirmation de commande. En r\u00e8gle g\u00e9n\u00e9rale, vous recevrez les produits dans un d\u00e9lai de 2 \u00e0 15 jours. Vous disposez de 30 jours pour effectuer des retours ou des \u00e9changes.<\/p>\n<p>&nbsp;<\/p>","protected":false},"excerpt":{"rendered":"<p>100% en argent sterling 925<\/p>\n<p>&nbsp;<\/p>\n<p>&nbsp;<\/p>","protected":false},"featured_media":16303,"comment_status":"open","ping_status":"closed","template":"","meta":{"_themeisle_gutenberg_block_has_review":false},"product_brand":[],"product_cat":[54,55,46,92],"product_tag":[93],"class_list":{"0":"post-16305","1":"product","2":"type-product","3":"status-publish","4":"has-post-thumbnail","6":"product_cat-colecciones","7":"product_cat-cristales","8":"product_cat-novedades","9":"product_cat-piercings","10":"product_tag-piercing","12":"first","13":"instock","14":"sale","15":"shipping-taxable","16":"purchasable","17":"product-type-simple"},"_links":{"self":[{"href":"https:\/\/www.crisjoyas.com\/fr\/wp-json\/wp\/v2\/product\/16305","targetHints":{"allow":["GET"]}}],"collection":[{"href":"https:\/\/www.crisjoyas.com\/fr\/wp-json\/wp\/v2\/product"}],"about":[{"href":"https:\/\/www.crisjoyas.com\/fr\/wp-json\/wp\/v2\/types\/product"}],"replies":[{"embeddable":true,"href":"https:\/\/www.crisjoyas.com\/fr\/wp-json\/wp\/v2\/comments?post=16305"}],"version-history":[{"count":2,"href":"https:\/\/www.crisjoyas.com\/fr\/wp-json\/wp\/v2\/product\/16305\/revisions"}],"predecessor-version":[{"id":16736,"href":"https:\/\/www.crisjoyas.com\/fr\/wp-json\/wp\/v2\/product\/16305\/revisions\/16736"}],"wp:featuredmedia":[{"embeddable":true,"href":"https:\/\/www.crisjoyas.com\/fr\/wp-json\/wp\/v2\/media\/16303"}],"wp:attachment":[{"href":"https:\/\/www.crisjoyas.com\/fr\/wp-json\/wp\/v2\/media?parent=16305"}],"wp:term":[{"taxonomy":"product_brand","embeddable":true,"href":"https:\/\/www.crisjoyas.com\/fr\/wp-json\/wp\/v2\/product_brand?post=16305"},{"taxonomy":"product_cat","embeddable":true,"href":"https:\/\/www.crisjoyas.com\/fr\/wp-json\/wp\/v2\/product_cat?post=16305"},{"taxonomy":"product_tag","embeddable":true,"href":"https:\/\/www.crisjoyas.com\/fr\/wp-json\/wp\/v2\/product_tag?post=16305"}],"curies":[{"name":"wp","href":"https:\/\/api.w.org\/{rel}","templated":true}]}}