{"id":16440,"date":"2024-08-10T18:55:52","date_gmt":"2024-08-10T16:55:52","guid":{"rendered":"https:\/\/www.crisjoyas.com\/?post_type=product&#038;p=16440"},"modified":"2025-01-23T10:11:28","modified_gmt":"2025-01-23T09:11:28","slug":"pendientes-pequeno-de-mariposa-de-plata-925-piercing-de-oreja-para-mujer","status":"publish","type":"product","link":"https:\/\/www.crisjoyas.com\/fr\/product\/pendientes-pequeno-de-mariposa-de-plata-925-piercing-de-oreja-para-mujer\/","title":{"rendered":"Boucles d&#039;oreilles papillon en argent 925 pour piercing d&#039;oreille pour femme"},"content":{"rendered":"<p><strong>Si vous avez des questions, n&#039;h\u00e9sitez pas \u00e0 nous contacter !<\/strong><\/p>\n<p><strong>D\u00e9couvrez-en plus dans Boucles d&#039;oreilles.<\/strong><\/p>\n<ul>\n<li>MAT\u00c9RIAU : Argent sterling 925<\/li>\n<li>TYPE DE FERMETURE : \u00c9crou \u00e0 billes<\/li>\n<li>TAILLE : 11 mm x 10 mm<\/li>\n<\/ul>\n<p><strong>Liste des paquets :<\/strong><\/p>\n<p>Boucles d&#039;oreilles * 2<\/p>\n<p>Coffret Crisjoyas * 1<\/p>\n<p>Tissu \u00e0 bijoux * 1<\/p>\n<p>Carte de garantie * 1<\/p>\n<p><strong>Exp\u00e9dition et retours :<\/strong><\/p>\n<p>Votre commande sera exp\u00e9di\u00e9e dans les 24 heures ouvrables suivant la r\u00e9ception de votre e-mail de confirmation de commande. En r\u00e8gle g\u00e9n\u00e9rale, vous recevrez les produits dans un d\u00e9lai de 2 \u00e0 15 jours. Vous disposez de 30 jours pour effectuer des retours ou des \u00e9changes.<\/p>","protected":false},"excerpt":{"rendered":"<p>100% en argent sterling 925 !<\/p>\n<p>&nbsp;<\/p>","protected":false},"featured_media":16446,"comment_status":"open","ping_status":"closed","template":"","meta":{"_themeisle_gutenberg_block_has_review":false},"product_brand":[],"product_cat":[54,65,46,92],"product_tag":[40,254],"class_list":{"0":"post-16440","1":"product","2":"type-product","3":"status-publish","4":"has-post-thumbnail","6":"product_cat-colecciones","7":"product_cat-mariposa","8":"product_cat-novedades","9":"product_cat-piercings","10":"product_tag-mariposa","11":"product_tag-novia","13":"first","14":"instock","15":"sale","16":"shipping-taxable","17":"purchasable","18":"product-type-simple"},"_links":{"self":[{"href":"https:\/\/www.crisjoyas.com\/fr\/wp-json\/wp\/v2\/product\/16440","targetHints":{"allow":["GET"]}}],"collection":[{"href":"https:\/\/www.crisjoyas.com\/fr\/wp-json\/wp\/v2\/product"}],"about":[{"href":"https:\/\/www.crisjoyas.com\/fr\/wp-json\/wp\/v2\/types\/product"}],"replies":[{"embeddable":true,"href":"https:\/\/www.crisjoyas.com\/fr\/wp-json\/wp\/v2\/comments?post=16440"}],"version-history":[{"count":2,"href":"https:\/\/www.crisjoyas.com\/fr\/wp-json\/wp\/v2\/product\/16440\/revisions"}],"predecessor-version":[{"id":16743,"href":"https:\/\/www.crisjoyas.com\/fr\/wp-json\/wp\/v2\/product\/16440\/revisions\/16743"}],"wp:featuredmedia":[{"embeddable":true,"href":"https:\/\/www.crisjoyas.com\/fr\/wp-json\/wp\/v2\/media\/16446"}],"wp:attachment":[{"href":"https:\/\/www.crisjoyas.com\/fr\/wp-json\/wp\/v2\/media?parent=16440"}],"wp:term":[{"taxonomy":"product_brand","embeddable":true,"href":"https:\/\/www.crisjoyas.com\/fr\/wp-json\/wp\/v2\/product_brand?post=16440"},{"taxonomy":"product_cat","embeddable":true,"href":"https:\/\/www.crisjoyas.com\/fr\/wp-json\/wp\/v2\/product_cat?post=16440"},{"taxonomy":"product_tag","embeddable":true,"href":"https:\/\/www.crisjoyas.com\/fr\/wp-json\/wp\/v2\/product_tag?post=16440"}],"curies":[{"name":"wp","href":"https:\/\/api.w.org\/{rel}","templated":true}]}}