{"id":16498,"date":"2024-09-10T11:14:29","date_gmt":"2024-09-10T09:14:29","guid":{"rendered":"https:\/\/www.crisjoyas.com\/?post_type=product&#038;p=16498"},"modified":"2026-02-28T15:48:12","modified_gmt":"2026-02-28T14:48:12","slug":"collar-de-plata-925-con-opalo-chapado-oro-18k-para-mujer-regalo-perfecto","status":"publish","type":"product","link":"https:\/\/www.crisjoyas.com\/fr\/product\/collar-de-plata-925-con-opalo-chapado-oro-18k-para-mujer-regalo-perfecto\/","title":{"rendered":"Collier en argent 925 avec opale plaqu\u00e9e or 18 carats pour femme Cadeau parfait"},"content":{"rendered":"<p>Si vous avez des questions, n&#039;h\u00e9sitez pas \u00e0 nous contacter.<\/p>\n<p>Nous serons heureux de vous aider !<\/p>\n<p>D\u00e9couvrez-en plus dans Colliers.<\/p>\n<ul>\n<li>MAT\u00c9RIAU : Argent sterling 925<\/li>\n<li>FINITION : Plaqu\u00e9 or 18 carats<\/li>\n<li>PIERRE : Opale<\/li>\n<li>DIAM\u00c8TRE DE LA PIERRE : 8 mm<\/li>\n<li>TAILLE DU PENDENTIF : 6 mm x 10 mm<\/li>\n<li>MESURE DE LA CHA\u00ceNE : Cha\u00eene r\u00e9glable de 40 cm + 5 cm, au total elle mesure 45 cm<\/li>\n<\/ul>\n<p>&nbsp;<\/p>\n<p><strong>Liste des paquets :<\/strong><\/p>\n<p>Collier * 1<\/p>\n<p>Coffret Crisjoyas * 1<\/p>\n<p>Tissu \u00e0 bijoux * 1<\/p>\n<p>Carte de garantie * 1<\/p>\n<p>&nbsp;<\/p>\n<p><strong>Exp\u00e9dition et retours :<\/strong><\/p>\n<p>Votre commande sera exp\u00e9di\u00e9e dans les 24 heures ouvrables suivant la r\u00e9ception de votre e-mail de confirmation de commande. En r\u00e8gle g\u00e9n\u00e9rale, vous recevrez les produits dans un d\u00e9lai de 2 \u00e0 15 jours. Vous disposez de 30 jours pour effectuer des retours ou des \u00e9changes.<\/p>\n<p>&nbsp;<\/p>","protected":false},"excerpt":{"rendered":"<p>100% en argent sterling 925<\/p>","protected":false},"featured_media":17897,"comment_status":"open","ping_status":"closed","template":"","meta":{"_themeisle_gutenberg_block_has_review":false},"product_brand":[],"product_cat":[54,23,46,56],"product_tag":[75,145,109],"class_list":{"0":"post-16498","1":"product","2":"type-product","3":"status-publish","4":"has-post-thumbnail","6":"product_cat-colecciones","7":"product_cat-collares","8":"product_cat-novedades","9":"product_cat-perlas","10":"product_tag-cadena","11":"product_tag-colgante","12":"product_tag-collar","13":"product_shipping_class-envio-estandarlos-pedidos-seran-recibidos-antes-del-3-dias","15":"first","16":"instock","17":"sale","18":"shipping-taxable","19":"purchasable","20":"product-type-simple"},"_links":{"self":[{"href":"https:\/\/www.crisjoyas.com\/fr\/wp-json\/wp\/v2\/product\/16498","targetHints":{"allow":["GET"]}}],"collection":[{"href":"https:\/\/www.crisjoyas.com\/fr\/wp-json\/wp\/v2\/product"}],"about":[{"href":"https:\/\/www.crisjoyas.com\/fr\/wp-json\/wp\/v2\/types\/product"}],"replies":[{"embeddable":true,"href":"https:\/\/www.crisjoyas.com\/fr\/wp-json\/wp\/v2\/comments?post=16498"}],"version-history":[{"count":2,"href":"https:\/\/www.crisjoyas.com\/fr\/wp-json\/wp\/v2\/product\/16498\/revisions"}],"predecessor-version":[{"id":17895,"href":"https:\/\/www.crisjoyas.com\/fr\/wp-json\/wp\/v2\/product\/16498\/revisions\/17895"}],"wp:featuredmedia":[{"embeddable":true,"href":"https:\/\/www.crisjoyas.com\/fr\/wp-json\/wp\/v2\/media\/17897"}],"wp:attachment":[{"href":"https:\/\/www.crisjoyas.com\/fr\/wp-json\/wp\/v2\/media?parent=16498"}],"wp:term":[{"taxonomy":"product_brand","embeddable":true,"href":"https:\/\/www.crisjoyas.com\/fr\/wp-json\/wp\/v2\/product_brand?post=16498"},{"taxonomy":"product_cat","embeddable":true,"href":"https:\/\/www.crisjoyas.com\/fr\/wp-json\/wp\/v2\/product_cat?post=16498"},{"taxonomy":"product_tag","embeddable":true,"href":"https:\/\/www.crisjoyas.com\/fr\/wp-json\/wp\/v2\/product_tag?post=16498"}],"curies":[{"name":"wp","href":"https:\/\/api.w.org\/{rel}","templated":true}]}}