{"id":16641,"date":"2024-11-06T12:28:48","date_gmt":"2024-11-06T11:28:48","guid":{"rendered":"https:\/\/www.crisjoyas.com\/?post_type=product&#038;p=16641"},"modified":"2025-05-07T09:10:17","modified_gmt":"2025-05-07T07:10:17","slug":"collar-de-plata-de-ley-925-con-circonita-para-mujer-regalo-perfecto","status":"publish","type":"product","link":"https:\/\/www.crisjoyas.com\/fr\/product\/collar-de-plata-de-ley-925-con-circonita-para-mujer-regalo-perfecto\/","title":{"rendered":"Collier en argent sterling 925 avec zircone pour femme, cadeau parfait"},"content":{"rendered":"<p>Si vous avez des questions, n&#039;h\u00e9sitez pas \u00e0 nous contacter.<\/p>\n<p>Nous serons heureux de vous aider !<\/p>\n<p>D\u00e9couvrez-en plus dans Colliers.<\/p>\n<ul>\n<li>MAT\u00c9RIAU : Argent sterling 925<\/li>\n<li>FINITION : Plaqu\u00e9 or 18 carats<\/li>\n<li>PIERRE : Zircone<\/li>\n<li>DIAMETRE DE LA PIERRE : 6 mm<\/li>\n<li>TAILLE DU PENDENTIF : 7 mm x 7 mm<\/li>\n<li>MESURE DE LA CHA\u00ceNE : Cha\u00eene r\u00e9glable de 40 cm + 5 cm, au total elle mesure 45 cm<\/li>\n<\/ul>\n<p>&nbsp;<\/p>\n<p><strong>Liste des paquets :<\/strong><\/p>\n<p>Collier * 1<\/p>\n<p>Coffret Crisjoyas * 1<\/p>\n<p>Tissu \u00e0 bijoux * 1<\/p>\n<p>Carte de garantie * 1<\/p>\n<p>&nbsp;<\/p>\n<p><strong>Exp\u00e9dition et retours :<\/strong><\/p>\n<p>Votre commande sera exp\u00e9di\u00e9e dans les 24 heures ouvrables suivant la r\u00e9ception de votre e-mail de confirmation de commande. En r\u00e8gle g\u00e9n\u00e9rale, vous recevrez les produits dans un d\u00e9lai de 2 \u00e0 15 jours. Vous disposez de 30 jours pour effectuer des retours ou des \u00e9changes.<\/p>","protected":false},"excerpt":{"rendered":"<p>100% en argent sterling 925.<\/p>\n<p>Livraison gratuite en Espagne \u00e0 partir de 38\u20ac !<\/p>","protected":false},"featured_media":16624,"comment_status":"open","ping_status":"closed","template":"","meta":{"_themeisle_gutenberg_block_has_review":false},"product_brand":[],"product_cat":[54,23,55,46],"product_tag":[],"class_list":{"0":"post-16641","1":"product","2":"type-product","3":"status-publish","4":"has-post-thumbnail","6":"product_cat-colecciones","7":"product_cat-collares","8":"product_cat-cristales","9":"product_cat-novedades","10":"product_shipping_class-envio-estandarlos-pedidos-seran-recibidos-antes-del-3-dias","12":"first","13":"instock","14":"sale","15":"shipping-taxable","16":"purchasable","17":"product-type-variable"},"_links":{"self":[{"href":"https:\/\/www.crisjoyas.com\/fr\/wp-json\/wp\/v2\/product\/16641","targetHints":{"allow":["GET"]}}],"collection":[{"href":"https:\/\/www.crisjoyas.com\/fr\/wp-json\/wp\/v2\/product"}],"about":[{"href":"https:\/\/www.crisjoyas.com\/fr\/wp-json\/wp\/v2\/types\/product"}],"replies":[{"embeddable":true,"href":"https:\/\/www.crisjoyas.com\/fr\/wp-json\/wp\/v2\/comments?post=16641"}],"version-history":[{"count":1,"href":"https:\/\/www.crisjoyas.com\/fr\/wp-json\/wp\/v2\/product\/16641\/revisions"}],"predecessor-version":[{"id":16649,"href":"https:\/\/www.crisjoyas.com\/fr\/wp-json\/wp\/v2\/product\/16641\/revisions\/16649"}],"wp:featuredmedia":[{"embeddable":true,"href":"https:\/\/www.crisjoyas.com\/fr\/wp-json\/wp\/v2\/media\/16624"}],"wp:attachment":[{"href":"https:\/\/www.crisjoyas.com\/fr\/wp-json\/wp\/v2\/media?parent=16641"}],"wp:term":[{"taxonomy":"product_brand","embeddable":true,"href":"https:\/\/www.crisjoyas.com\/fr\/wp-json\/wp\/v2\/product_brand?post=16641"},{"taxonomy":"product_cat","embeddable":true,"href":"https:\/\/www.crisjoyas.com\/fr\/wp-json\/wp\/v2\/product_cat?post=16641"},{"taxonomy":"product_tag","embeddable":true,"href":"https:\/\/www.crisjoyas.com\/fr\/wp-json\/wp\/v2\/product_tag?post=16641"}],"curies":[{"name":"wp","href":"https:\/\/api.w.org\/{rel}","templated":true}]}}