{"id":17072,"date":"2025-03-17T10:41:23","date_gmt":"2025-03-17T09:41:23","guid":{"rendered":"https:\/\/www.crisjoyas.com\/?post_type=product&#038;p=17072"},"modified":"2026-03-04T10:17:52","modified_gmt":"2026-03-04T09:17:52","slug":"anillo-abierto-de-onix-negro-de-plata-de-ley-para-mujer","status":"publish","type":"product","link":"https:\/\/www.crisjoyas.com\/fr\/product\/anillo-abierto-de-onix-negro-de-plata-de-ley-para-mujer\/","title":{"rendered":"Bague ouverte en argent sterling avec onyx noir pour femme"},"content":{"rendered":"<p>100% Argent sterling, exp\u00e9di\u00e9 avec bo\u00eete \u00e0 bijoux.<\/p>\n<p>Cette bague au design unique ajoutera certainement un peu de charme et de magie \u00e0 n&#039;importe quelle tenue.<\/p>\n<ul>\n<li>MAT\u00c9RIAU : Argent sterling 925<\/li>\n<li>PIERRE : Onyx noir<\/li>\n<li>TAILLE : R\u00e9glable<\/li>\n<\/ul>\n<p><strong>\u00a0<\/strong><\/p>\n<p><strong>Liste des paquets :<\/strong><\/p>\n<p>Bague * 1<\/p>\n<p>Coffret Crisjoyas * 1<\/p>\n<p>Tissu \u00e0 bijoux * 1<\/p>\n<p>Carte de garantie * 1<\/p>\n<p>&nbsp;<\/p>\n<p><strong>\u00a0Pourquoi choisir l\u2019argent sterling ?<\/strong><\/p>\n<p>\u2661 L&#039;argent sterling est un m\u00e9tal intemporel et \u00e9l\u00e9gant, appr\u00e9ci\u00e9 pour son \u00e9clat unique et sa beaut\u00e9 durable. Fabriqu\u00e9 en argent sterling 925, il offre une sensation de haute qualit\u00e9 et une excellente r\u00e9sistance \u00e0 l&#039;oxydation, ce qui le rend parfait pour un usage quotidien. Compar\u00e9 \u00e0 d\u2019autres m\u00e9taux, l\u2019argent sterling est hypoallerg\u00e9nique et doux pour la peau, ce qui en fait un choix id\u00e9al pour les peaux sensibles. Que ce soit comme cadeau ou pour un usage personnel, les bijoux en argent sterling ajoutent une touche de sophistication et d&#039;individualit\u00e9.<\/p>\n<p>&nbsp;<\/p>\n<p><strong>Comment prendre soin des bijoux en argent sterling ?<\/strong><\/p>\n<p>\u2661 Pour conserver l&#039;\u00e9clat de vos bijoux en argent sterling, \u00e9vitez tout contact avec l&#039;eau, les parfums et les produits chimiques. Rangez-les dans une bo\u00eete \u00e0 bijoux s\u00e8che et scell\u00e9e lorsque vous ne les utilisez pas. Nettoyez-les r\u00e9guli\u00e8rement avec un chiffon doux pour \u00e9liminer le ternissement. S&#039;il s&#039;assombrit avec le temps, utilisez un chiffon de polissage pour argent ou un nettoyant doux pour argent pour lui redonner son \u00e9clat. Avec un entretien appropri\u00e9, vos bijoux en argent sterling resteront \u00e9clatants pendant des ann\u00e9es !<\/p>\n<p>&nbsp;<\/p>\n<p>\u2661<strong>Note:<\/strong> Veuillez faire attention lors du r\u00e9glage des bijoux\u00a0; \u00c9tant donn\u00e9 que les boucles d&#039;oreilles sont en argent sterling, un m\u00e9tal mou, nous devons \u00eatre prudents lors de leur mise en place.<\/p>\n<p>&nbsp;<\/p>\n<p>\u2661 Tous les articles sont joliment emball\u00e9s, pr\u00eats \u00e0 \u00eatre offerts dans d&#039;\u00e9l\u00e9gantes bo\u00eetes \u00e0 bijoux. Nos bo\u00eetes \u00e0 bijoux sont r\u00e9utilisables et recyclables \u2661.<\/p>\n<p>&nbsp;<\/p>\n<p>\u2661 Vous avez des questions ou besoin d&#039;aide ? N&#039;h\u00e9sitez pas \u00e0 nous contacter. Nous r\u00e9pondons rapidement.<\/p>\n<p>&nbsp;<\/p>\n<p>En savoir plus sur nous :<\/p>\n<p><strong>IG:<\/strong> @crisjoyas_oficial<\/p>\n<p>&nbsp;<\/p>\n<p>Merci beaucoup de votre visite et nous esp\u00e9rons que vous appr\u00e9cierez vos achats avec nous \u2661<\/p>\n<p><strong>\u00a0<\/strong><\/p>\n<p><strong>Exp\u00e9dition et retours :<\/strong><\/p>\n<p>Votre commande sera exp\u00e9di\u00e9e dans les 24 heures ouvrables suivant la r\u00e9ception de votre e-mail de confirmation de commande. En r\u00e8gle g\u00e9n\u00e9rale, vous recevrez les produits dans un d\u00e9lai de 2 \u00e0 15 jours. Vous disposez de 30 jours pour effectuer des retours ou des \u00e9changes.<\/p>","protected":false},"excerpt":{"rendered":"<p>100% en argent sterling 925<\/p>","protected":false},"featured_media":18163,"comment_status":"open","ping_status":"closed","template":"","meta":{"_themeisle_gutenberg_block_has_review":false},"product_brand":[],"product_cat":[11,46],"product_tag":[76,243],"class_list":{"0":"post-17072","1":"product","2":"type-product","3":"status-publish","4":"has-post-thumbnail","6":"product_cat-anillos","7":"product_cat-novedades","8":"product_tag-anillo","9":"product_tag-regalo","10":"product_shipping_class-envio-estandarlos-pedidos-seran-recibidos-antes-del-3-dias","12":"first","13":"instock","14":"sale","15":"shipping-taxable","16":"purchasable","17":"product-type-simple"},"_links":{"self":[{"href":"https:\/\/www.crisjoyas.com\/fr\/wp-json\/wp\/v2\/product\/17072","targetHints":{"allow":["GET"]}}],"collection":[{"href":"https:\/\/www.crisjoyas.com\/fr\/wp-json\/wp\/v2\/product"}],"about":[{"href":"https:\/\/www.crisjoyas.com\/fr\/wp-json\/wp\/v2\/types\/product"}],"replies":[{"embeddable":true,"href":"https:\/\/www.crisjoyas.com\/fr\/wp-json\/wp\/v2\/comments?post=17072"}],"version-history":[{"count":3,"href":"https:\/\/www.crisjoyas.com\/fr\/wp-json\/wp\/v2\/product\/17072\/revisions"}],"predecessor-version":[{"id":18171,"href":"https:\/\/www.crisjoyas.com\/fr\/wp-json\/wp\/v2\/product\/17072\/revisions\/18171"}],"wp:featuredmedia":[{"embeddable":true,"href":"https:\/\/www.crisjoyas.com\/fr\/wp-json\/wp\/v2\/media\/18163"}],"wp:attachment":[{"href":"https:\/\/www.crisjoyas.com\/fr\/wp-json\/wp\/v2\/media?parent=17072"}],"wp:term":[{"taxonomy":"product_brand","embeddable":true,"href":"https:\/\/www.crisjoyas.com\/fr\/wp-json\/wp\/v2\/product_brand?post=17072"},{"taxonomy":"product_cat","embeddable":true,"href":"https:\/\/www.crisjoyas.com\/fr\/wp-json\/wp\/v2\/product_cat?post=17072"},{"taxonomy":"product_tag","embeddable":true,"href":"https:\/\/www.crisjoyas.com\/fr\/wp-json\/wp\/v2\/product_tag?post=17072"}],"curies":[{"name":"wp","href":"https:\/\/api.w.org\/{rel}","templated":true}]}}