{"id":17150,"date":"2025-05-14T12:02:30","date_gmt":"2025-05-14T10:02:30","guid":{"rendered":"https:\/\/www.crisjoyas.com\/?post_type=product&#038;p=17150"},"modified":"2026-02-27T12:22:33","modified_gmt":"2026-02-27T11:22:33","slug":"star-sterling-silver-adjustable-chunky-ring-gift-for-best-friend","status":"publish","type":"product","link":"https:\/\/www.crisjoyas.com\/fr\/product\/star-sterling-silver-adjustable-chunky-ring-gift-for-best-friend\/","title":{"rendered":"Bague ajustable en argent sterling avec \u00e9toile, cadeau pour une meilleure amie"},"content":{"rendered":"<p>Inspir\u00e9e par le scintillement des \u00e9toiles dans le ciel nocturne, cette bague symbolise l&#039;espoir et les r\u00eaves. Ses lignes \u00e9l\u00e9gantes dessinent la forme des \u00e9toiles, cr\u00e9ant un style \u00e0 la fois raffin\u00e9 et vibrant. Port\u00e9e discr\u00e8tement au quotidien ou offerte en cadeau pr\u00e9cieux, cette bague d\u00e9gage une force douce et une po\u00e9sie romantique.<\/p>\n<p>\u2013 Mat\u00e9riau : Argent sterling 925 massif de haute qualit\u00e9<\/p>\n<p>\u2013 Taille : R\u00e9glable<\/p>\n<p>liste de colisage<\/p>\n<p>Bague \u00c9toile en argent * 1<br \/>\n-Bo\u00eete \u00e0 bijoux * 1<br \/>\n- Chiffon \u00e0 polir l&#039;argent * 1<\/p>\n<p>Pourquoi choisir l\u2019argent sterling ?<\/p>\n<p>L&#039;argent sterling est un m\u00e9tal intemporel et \u00e9l\u00e9gant, appr\u00e9ci\u00e9 pour son \u00e9clat unique et sa beaut\u00e9 durable. Fabriqu\u00e9 en argent sterling 925, il offre une sensation de grande qualit\u00e9 et une excellente r\u00e9sistance au ternissement, ce qui le rend parfait pour un usage quotidien. Compar\u00e9 \u00e0 d&#039;autres m\u00e9taux, l&#039;argent sterling est hypoallerg\u00e9nique et doux pour la peau, ce qui en fait un choix id\u00e9al pour les peaux sensibles. Que ce soit en cadeau ou pour se faire plaisir, les bijoux en argent sterling ajoutent une touche de sophistication et d&#039;originalit\u00e9.<\/p>\n<p>Comment prendre soin des bijoux en argent sterling ?<\/p>\n<p>\u2661 Pour conserver l&#039;\u00e9clat de vos bijoux en argent sterling, \u00e9vitez tout contact avec l&#039;eau, les parfums et les produits chimiques. Rangez-les dans une bo\u00eete \u00e0 bijoux s\u00e8che et scell\u00e9e lorsque vous ne les utilisez pas. Nettoyez-les r\u00e9guli\u00e8rement avec un chiffon doux pour \u00e9liminer le ternissement. S&#039;il s&#039;assombrit avec le temps, utilisez un chiffon de polissage pour argent ou un nettoyant doux pour argent pour lui redonner son \u00e9clat. Avec un entretien appropri\u00e9, vos bijoux en argent sterling resteront \u00e9clatants pendant des ann\u00e9es !<\/p>\n<p>\u2661Remarque\u00a0: Veuillez faire attention lors du r\u00e9glage des bijoux\u00a0; \u00e9tant donn\u00e9 que les boucles d\u2019oreilles sont en argent sterling, un m\u00e9tal mou, nous devons \u00eatre prudents lors de leur ajustement.<\/p>\n<p>\u2661 Tous les articles sont joliment emball\u00e9s, pr\u00eats \u00e0 \u00eatre offerts dans d&#039;\u00e9l\u00e9gantes bo\u00eetes \u00e0 bijoux. Nos bo\u00eetes \u00e0 bijoux sont r\u00e9utilisables et recyclables \u2661.<\/p>\n<p>\u2661 Vous avez des questions ou besoin d&#039;aide ? N&#039;h\u00e9sitez pas \u00e0 nous contacter. Nous r\u00e9pondons rapidement.<\/p>\n<p>D\u00e9lai de livraison<\/p>\n<p>\u2661 Ce mod\u00e8le est pr\u00eat \u00e0 \u00eatre exp\u00e9di\u00e9 sous 1 \u00e0 2 jours ouvrables.<\/p>\n<p>En savoir plus sur nous<\/p>\n<p>IG : @crisjoyas_oficial<\/p>\n<p>Merci beaucoup pour votre visite et j&#039;esp\u00e8re que vous appr\u00e9cierez votre exp\u00e9rience d&#039;achat chez nous \u2661<\/p>","protected":false},"excerpt":{"rendered":"<p>100% en argent sterling, livr\u00e9 avec un \u00e9crin \u00e0 bijoux.<\/p>","protected":false},"featured_media":17826,"comment_status":"open","ping_status":"closed","template":"","meta":{"_themeisle_gutenberg_block_has_review":false},"product_brand":[],"product_cat":[11,57,54,46],"product_tag":[76,243],"class_list":{"0":"post-17150","1":"product","2":"type-product","3":"status-publish","4":"has-post-thumbnail","6":"product_cat-anillos","7":"product_cat-basicos","8":"product_cat-colecciones","9":"product_cat-novedades","10":"product_tag-anillo","11":"product_tag-regalo","12":"product_shipping_class-envio-estandarlos-pedidos-seran-recibidos-antes-del-3-dias","14":"first","15":"instock","16":"sale","17":"shipping-taxable","18":"purchasable","19":"product-type-simple"},"_links":{"self":[{"href":"https:\/\/www.crisjoyas.com\/fr\/wp-json\/wp\/v2\/product\/17150","targetHints":{"allow":["GET"]}}],"collection":[{"href":"https:\/\/www.crisjoyas.com\/fr\/wp-json\/wp\/v2\/product"}],"about":[{"href":"https:\/\/www.crisjoyas.com\/fr\/wp-json\/wp\/v2\/types\/product"}],"replies":[{"embeddable":true,"href":"https:\/\/www.crisjoyas.com\/fr\/wp-json\/wp\/v2\/comments?post=17150"}],"version-history":[{"count":1,"href":"https:\/\/www.crisjoyas.com\/fr\/wp-json\/wp\/v2\/product\/17150\/revisions"}],"predecessor-version":[{"id":17155,"href":"https:\/\/www.crisjoyas.com\/fr\/wp-json\/wp\/v2\/product\/17150\/revisions\/17155"}],"wp:featuredmedia":[{"embeddable":true,"href":"https:\/\/www.crisjoyas.com\/fr\/wp-json\/wp\/v2\/media\/17826"}],"wp:attachment":[{"href":"https:\/\/www.crisjoyas.com\/fr\/wp-json\/wp\/v2\/media?parent=17150"}],"wp:term":[{"taxonomy":"product_brand","embeddable":true,"href":"https:\/\/www.crisjoyas.com\/fr\/wp-json\/wp\/v2\/product_brand?post=17150"},{"taxonomy":"product_cat","embeddable":true,"href":"https:\/\/www.crisjoyas.com\/fr\/wp-json\/wp\/v2\/product_cat?post=17150"},{"taxonomy":"product_tag","embeddable":true,"href":"https:\/\/www.crisjoyas.com\/fr\/wp-json\/wp\/v2\/product_tag?post=17150"}],"curies":[{"name":"wp","href":"https:\/\/api.w.org\/{rel}","templated":true}]}}