{"id":17208,"date":"2025-08-29T18:33:43","date_gmt":"2025-08-29T16:33:43","guid":{"rendered":"https:\/\/www.crisjoyas.com\/?post_type=product&#038;p=17208"},"modified":"2026-02-27T12:05:36","modified_gmt":"2026-02-27T11:05:36","slug":"pendientes-de-plata-de-ley-de-croissant-chapados-en-oro-18k","status":"publish","type":"product","link":"https:\/\/www.crisjoyas.com\/fr\/product\/pendientes-de-plata-de-ley-de-croissant-chapados-en-oro-18k\/","title":{"rendered":"Boucles d&#039;oreilles croissant en argent sterling plaqu\u00e9 or 18 carats"},"content":{"rendered":"<p>Inspir\u00e9 du croissant iconique, beau et \u00e9l\u00e9gant, accrocheur et charmant : c&#039;est l&#039;accessoire parfait pour \u00e9gayer votre journ\u00e9e.<\/p>\n<p>\u2022 Mat\u00e9riau : Argent massif 925 de haute qualit\u00e9 plaqu\u00e9 or 18 carats<\/p>\n<p>\u2022 Dimensions des boucles d&#039;oreilles : 5 x 10 mm<\/p>\n<p>liste de colisage<\/p>\n<p>\u2022 en attente *2<br \/>\n\u2022 Bo\u00eete \u00e0 bijoux * 1<\/p>\n<p>\ud83d\udce6 Informations sur la livraison<\/p>\n<p>Les commandes \u00e0 destination de l&#039;Espagne sont exp\u00e9di\u00e9es depuis notre entrep\u00f4t de Barcelone et arrivent g\u00e9n\u00e9ralement sous 2 \u00e0 3 jours ouvrables.<\/p>\n<p>Les commandes internationales sont exp\u00e9di\u00e9es depuis l&#039;entrep\u00f4t de notre partenaire en Chine, avec un d\u00e9lai de livraison moyen de 5 \u00e0 7 jours ouvrables.<\/p>\n<p>Les clients europ\u00e9ens peuvent \u00e9galement opter pour une livraison depuis notre entrep\u00f4t de Barcelone afin d&#039;acc\u00e9l\u00e9rer le processus (3 \u00e0 7 jours), moyennant des frais suppl\u00e9mentaires. Si vous souhaitez choisir cette option, veuillez nous contacter avant de passer votre commande.<\/p>\n<p>Pourquoi choisir l&#039;argent sterling ?<\/p>\n<p>L&#039;argent sterling est un m\u00e9tal intemporel et \u00e9l\u00e9gant, pris\u00e9 pour son \u00e9clat unique et sa beaut\u00e9 durable. Fabriqu\u00e9 en argent sterling 925, il offre une sensation de grande qualit\u00e9 et une excellente r\u00e9sistance au ternissement, ce qui le rend parfait pour un usage quotidien. Compar\u00e9 \u00e0 d&#039;autres m\u00e9taux, l&#039;argent sterling est hypoallerg\u00e9nique et doux pour la peau, un choix id\u00e9al pour les personnes \u00e0 la peau sensible. Que ce soit pour offrir ou pour se faire plaisir, les bijoux en argent sterling ajoutent une touche de sophistication et d&#039;originalit\u00e9.<\/p>\n<p>Comment entretenir ses bijoux en argent massif ?<\/p>\n<p>\u2661 Pour pr\u00e9server l&#039;\u00e9clat de vos bijoux en argent sterling, \u00e9vitez tout contact avec l&#039;eau, les parfums et les produits chimiques. Rangez-les dans un \u00e9crin \u00e0 bijoux sec et herm\u00e9tique lorsque vous ne les portez pas. Nettoyez-les r\u00e9guli\u00e8rement avec un chiffon doux pour \u00e9liminer le ternissement. S&#039;ils s&#039;assombrissent avec le temps, utilisez un chiffon \u00e0 polir l&#039;argent ou un produit nettoyant doux pour l&#039;argent afin de leur redonner leur \u00e9clat. Avec un entretien appropri\u00e9, vos bijoux en argent sterling conserveront leur \u00e9clat pendant de nombreuses ann\u00e9es\u00a0!<\/p>\n<p>\u2661 Remarque : Veuillez manipuler les bijoux avec pr\u00e9caution. Les boucles d&#039;oreilles \u00e9tant en argent sterling, un m\u00e9tal mou, il convient d&#039;\u00eatre d\u00e9licat lors de leur ajustement.<\/p>\n<p>\u2661 Tous les articles sont soigneusement emball\u00e9s, pr\u00eats \u00e0 offrir, dans d&#039;\u00e9l\u00e9gants \u00e9crins \u00e0 bijoux. Nos \u00e9crins \u00e0 bijoux sont r\u00e9utilisables et recyclables. \u2661<\/p>\n<p>\u2661 Si vous avez des questions ou besoin d&#039;aide, n&#039;h\u00e9sitez pas \u00e0 nous contacter. Nous vous r\u00e9pondrons rapidement.<\/p>\n<p>\u2661En savoir plus sur nous<\/p>\n<p>IG : @crisjoyas_oficial<\/p>\n<p>Merci beaucoup pour votre visite et nous esp\u00e9rons que vous appr\u00e9cierez votre exp\u00e9rience d&#039;achat chez nous. \u2661<\/p>\n<p>Emily \u2661<\/p>\n<p>\u2014\u2014\u2014\u2014\u2014\u2014\u2014\u2014\u2014\u2014\u2014\u2014\u2014\u2014\u2014-<br \/>\n\u2022 Toutes les images sont la propri\u00e9t\u00e9 de Crisjoyas. Tous droits r\u00e9serv\u00e9s.<\/p>","protected":false},"excerpt":{"rendered":"<p>Bague 100 % en argent massif. Livr\u00e9e dans un \u00e9crin. Le cadeau id\u00e9al !<\/p>","protected":false},"featured_media":17796,"comment_status":"open","ping_status":"closed","template":"","meta":{"_themeisle_gutenberg_block_has_review":false},"product_brand":[],"product_cat":[57,54,46,190],"product_tag":[265,266,243],"class_list":{"0":"post-17208","1":"product","2":"type-product","3":"status-publish","4":"has-post-thumbnail","6":"product_cat-basicos","7":"product_cat-colecciones","8":"product_cat-novedades","9":"product_cat-pendientes","10":"product_tag-croissant","11":"product_tag-cute","12":"product_tag-regalo","13":"product_shipping_class-envio-estandarlos-pedidos-seran-recibidos-antes-del-3-dias","15":"first","16":"instock","17":"sale","18":"shipping-taxable","19":"purchasable","20":"product-type-simple"},"_links":{"self":[{"href":"https:\/\/www.crisjoyas.com\/fr\/wp-json\/wp\/v2\/product\/17208","targetHints":{"allow":["GET"]}}],"collection":[{"href":"https:\/\/www.crisjoyas.com\/fr\/wp-json\/wp\/v2\/product"}],"about":[{"href":"https:\/\/www.crisjoyas.com\/fr\/wp-json\/wp\/v2\/types\/product"}],"replies":[{"embeddable":true,"href":"https:\/\/www.crisjoyas.com\/fr\/wp-json\/wp\/v2\/comments?post=17208"}],"version-history":[{"count":2,"href":"https:\/\/www.crisjoyas.com\/fr\/wp-json\/wp\/v2\/product\/17208\/revisions"}],"predecessor-version":[{"id":17792,"href":"https:\/\/www.crisjoyas.com\/fr\/wp-json\/wp\/v2\/product\/17208\/revisions\/17792"}],"wp:featuredmedia":[{"embeddable":true,"href":"https:\/\/www.crisjoyas.com\/fr\/wp-json\/wp\/v2\/media\/17796"}],"wp:attachment":[{"href":"https:\/\/www.crisjoyas.com\/fr\/wp-json\/wp\/v2\/media?parent=17208"}],"wp:term":[{"taxonomy":"product_brand","embeddable":true,"href":"https:\/\/www.crisjoyas.com\/fr\/wp-json\/wp\/v2\/product_brand?post=17208"},{"taxonomy":"product_cat","embeddable":true,"href":"https:\/\/www.crisjoyas.com\/fr\/wp-json\/wp\/v2\/product_cat?post=17208"},{"taxonomy":"product_tag","embeddable":true,"href":"https:\/\/www.crisjoyas.com\/fr\/wp-json\/wp\/v2\/product_tag?post=17208"}],"curies":[{"name":"wp","href":"https:\/\/api.w.org\/{rel}","templated":true}]}}