{"id":17220,"date":"2025-08-29T19:00:26","date_gmt":"2025-08-29T17:00:26","guid":{"rendered":"https:\/\/www.crisjoyas.com\/?post_type=product&#038;p=17220"},"modified":"2026-02-27T11:54:38","modified_gmt":"2026-02-27T10:54:38","slug":"pendientes-de-diamantes-de-cruz-de-plata-de-ley-925-chapada-en-oro-18k","status":"publish","type":"product","link":"https:\/\/www.crisjoyas.com\/fr\/product\/pendientes-de-diamantes-de-cruz-de-plata-de-ley-925-chapada-en-oro-18k\/","title":{"rendered":"Boucles d&#039;oreilles croix en argent sterling 925 plaqu\u00e9 or 18 carats et diamants"},"content":{"rendered":"<p>Ces boucles d&#039;oreilles en forme de croix allient le symbole intemporel de la foi \u00e0 une \u00e9l\u00e9gance minimaliste et moderne. De d\u00e9licats crochets plaqu\u00e9s or sont associ\u00e9s \u00e0 des pendentifs en forme de croix orn\u00e9s de cristaux incrust\u00e9s, leur conf\u00e9rant un \u00e9clat subtil et captivant. Parfaites au quotidien ou comme cadeau attentionn\u00e9, elles transmettent un message de protection, d&#039;amour et de b\u00e9n\u00e9diction.<\/p>\n<p>\u2022 Mat\u00e9riau : Argent sterling 925 de haute qualit\u00e9 plaqu\u00e9 or 18 carats.<\/p>\n<p>\u2022 Dimensions de la croix : 8 x 14 mm.<\/p>\n<p>\u2022 Pierre pr\u00e9cieuse : zircone cubique.<\/p>\n<p>liste de colisage<\/p>\n<p>\u2022 Boucles d&#039;oreilles pendantes * 2<\/p>\n<p>\u2022 Bo\u00eete \u00e0 bijoux * 1<\/p>\n<p>\ud83d\udce6 Informations sur la livraison<\/p>\n<p>Les commandes \u00e0 destination de l&#039;Espagne sont exp\u00e9di\u00e9es depuis notre entrep\u00f4t de Barcelone et arrivent g\u00e9n\u00e9ralement sous 2 \u00e0 3 jours ouvrables.<\/p>\n<p>Les commandes internationales sont exp\u00e9di\u00e9es depuis l&#039;entrep\u00f4t de notre partenaire en Chine, avec un d\u00e9lai de livraison moyen de 5 \u00e0 7 jours ouvrables.<\/p>\n<p>Les clients europ\u00e9ens peuvent \u00e9galement opter pour une livraison depuis notre entrep\u00f4t de Barcelone afin d&#039;acc\u00e9l\u00e9rer le processus (3 \u00e0 7 jours), moyennant des frais suppl\u00e9mentaires. Si vous souhaitez choisir cette option, veuillez nous contacter avant de passer votre commande.<\/p>\n<p>Pourquoi choisir l&#039;argent sterling ?<\/p>\n<p>L&#039;argent sterling est un m\u00e9tal intemporel et \u00e9l\u00e9gant, pris\u00e9 pour son \u00e9clat unique et sa beaut\u00e9 durable. Fabriqu\u00e9 en argent sterling 925, il offre une sensation de grande qualit\u00e9 et une excellente r\u00e9sistance au ternissement, ce qui le rend parfait pour un usage quotidien. Compar\u00e9 \u00e0 d&#039;autres m\u00e9taux, l&#039;argent sterling est hypoallerg\u00e9nique et doux pour la peau, ce qui en fait un choix id\u00e9al pour les personnes \u00e0 la peau sensible. Que ce soit en cadeau ou pour se faire plaisir, les bijoux en argent sterling ajoutent une touche de sophistication et de personnalit\u00e9.<\/p>\n<p>Comment entretenir ses bijoux en argent massif ?<\/p>\n<p>\u2661 Pour pr\u00e9server l&#039;\u00e9clat de vos bijoux en argent massif, \u00e9vitez tout contact avec l&#039;eau, les parfums et les produits chimiques. Rangez-les dans un \u00e9crin \u00e0 bijoux sec et ferm\u00e9 lorsque vous ne les portez pas. Nettoyez-les r\u00e9guli\u00e8rement avec un chiffon doux pour \u00e9liminer le ternissement. S&#039;ils s&#039;assombrissent avec le temps, utilisez un chiffon \u00e0 polir l&#039;argent ou un produit nettoyant doux pour l&#039;argent afin de leur redonner leur \u00e9clat. Avec un entretien appropri\u00e9, vos bijoux en argent massif conserveront leur brillance pendant de nombreuses ann\u00e9es.<\/p>\n<p>\u2661Remarque : Soyez prudent(e) lors du r\u00e9glage des bijoux ; \u00e9tant donn\u00e9 que les boucles d&#039;oreilles sont en argent sterling, un m\u00e9tal mou, il faut les manipuler avec pr\u00e9caution.<\/p>\n<p>\u2661 Tous les articles sont soigneusement emball\u00e9s et pr\u00eats \u00e0 offrir dans d&#039;\u00e9l\u00e9gants \u00e9crins \u00e0 bijoux. Nos \u00e9crins sont r\u00e9utilisables et recyclables. \u2661<\/p>\n<p>\u2661 Si vous avez des questions ou besoin d&#039;aide, n&#039;h\u00e9sitez pas \u00e0 nous contacter. Nous r\u00e9pondons rapidement.<\/p>\n<p>\u2661Plus d&#039;informations sur nous<\/p>\n<p>IG : @crisjoyas_oficial<\/p>\n<p>Merci beaucoup de votre visite et nous esp\u00e9rons que vous appr\u00e9cierez vos achats avec nous \u2661<\/p>\n<p>Emily \u2661<\/p>\n<p>\u2014\u2014\u2014\u2014\u2014\u2014\u2014\u2014\u2014\u2014\u2014\u2014\u2014\u2014\u2014-<br \/>\n\u2022 Toutes les images sont la propri\u00e9t\u00e9 de Crisjoyas. Tous droits r\u00e9serv\u00e9s.<\/p>","protected":false},"excerpt":{"rendered":"<p>100 % en argent sterling, livr\u00e9 avec un coffret \u00e0 bijoux, le cadeau parfait !<\/p>","protected":false},"featured_media":17785,"comment_status":"open","ping_status":"closed","template":"","meta":{"_themeisle_gutenberg_block_has_review":false},"product_brand":[],"product_cat":[54,55,46,190],"product_tag":[173],"class_list":{"0":"post-17220","1":"product","2":"type-product","3":"status-publish","4":"has-post-thumbnail","6":"product_cat-colecciones","7":"product_cat-cristales","8":"product_cat-novedades","9":"product_cat-pendientes","10":"product_tag-cruz","11":"product_shipping_class-envio-estandarlos-pedidos-seran-recibidos-antes-del-3-dias","13":"first","14":"instock","15":"sale","16":"shipping-taxable","17":"purchasable","18":"product-type-simple"},"_links":{"self":[{"href":"https:\/\/www.crisjoyas.com\/fr\/wp-json\/wp\/v2\/product\/17220","targetHints":{"allow":["GET"]}}],"collection":[{"href":"https:\/\/www.crisjoyas.com\/fr\/wp-json\/wp\/v2\/product"}],"about":[{"href":"https:\/\/www.crisjoyas.com\/fr\/wp-json\/wp\/v2\/types\/product"}],"replies":[{"embeddable":true,"href":"https:\/\/www.crisjoyas.com\/fr\/wp-json\/wp\/v2\/comments?post=17220"}],"version-history":[{"count":1,"href":"https:\/\/www.crisjoyas.com\/fr\/wp-json\/wp\/v2\/product\/17220\/revisions"}],"predecessor-version":[{"id":17225,"href":"https:\/\/www.crisjoyas.com\/fr\/wp-json\/wp\/v2\/product\/17220\/revisions\/17225"}],"wp:featuredmedia":[{"embeddable":true,"href":"https:\/\/www.crisjoyas.com\/fr\/wp-json\/wp\/v2\/media\/17785"}],"wp:attachment":[{"href":"https:\/\/www.crisjoyas.com\/fr\/wp-json\/wp\/v2\/media?parent=17220"}],"wp:term":[{"taxonomy":"product_brand","embeddable":true,"href":"https:\/\/www.crisjoyas.com\/fr\/wp-json\/wp\/v2\/product_brand?post=17220"},{"taxonomy":"product_cat","embeddable":true,"href":"https:\/\/www.crisjoyas.com\/fr\/wp-json\/wp\/v2\/product_cat?post=17220"},{"taxonomy":"product_tag","embeddable":true,"href":"https:\/\/www.crisjoyas.com\/fr\/wp-json\/wp\/v2\/product_tag?post=17220"}],"curies":[{"name":"wp","href":"https:\/\/api.w.org\/{rel}","templated":true}]}}