{"id":17574,"date":"2026-02-25T11:54:56","date_gmt":"2026-02-25T10:54:56","guid":{"rendered":"https:\/\/www.crisjoyas.com\/?post_type=product&#038;p=17574"},"modified":"2026-03-09T15:56:01","modified_gmt":"2026-03-09T14:56:01","slug":"anillo-de-plata-de-ley-925-ondulado-con-circonitas-diseno-minimalista-y-ajustable","status":"publish","type":"product","link":"https:\/\/www.crisjoyas.com\/fr\/product\/anillo-de-plata-de-ley-925-ondulado-con-circonitas-diseno-minimalista-y-ajustable\/","title":{"rendered":"Bague ondul\u00e9e en argent sterling 925 avec zircon cubique | Design minimaliste et ajustable"},"content":{"rendered":"<p>Inspir\u00e9e par le doux clapotis de l&#039;eau au clair de lune, cette bague allie la puret\u00e9 de l&#039;argent sterling 925 \u00e0 l&#039;\u00e9clat d\u00e9licat d&#039;oxydes de zirconium s\u00e9lectionn\u00e9s. Son design fluide et organique symbolise l&#039;adaptabilit\u00e9 et la paix int\u00e9rieure.<\/p>\n<p>C&#039;est une pi\u00e8ce minimaliste con\u00e7ue pour la femme moderne en qu\u00eate d&#039;une \u00e9l\u00e9gance naturelle. Ajustable, elle s&#039;adapte parfaitement \u00e0 votre silhouette, vous rappelant que la v\u00e9ritable beaut\u00e9 r\u00e9side dans les d\u00e9tails les plus subtils et authentiques.<\/p>\n<p>-Mat\u00e9riau : Argent sterling 925 v\u00e9ritable (hypoallerg\u00e9nique et durable).<\/p>\n<p>-Pierre : Zircone cubique de haute qualit\u00e9 \u00e0 taille brillant.<\/p>\n<p>-Taille : Conception ouverte et ajustable (taille unique).<\/p>\n<p>-Style\u00a0: Minimaliste, id\u00e9al \u00e0 porter seul ou en accumulation (avec d\u2019autres bagues).<\/p>\n<p>&nbsp;<\/p>\n<p>Liste des packages :<\/p>\n<p>-Bo\u00eete \u00e0 bijoux * 1<\/p>\n<p>- Chiffon \u00e0 polir l&#039;argent * 1<\/p>\n<p>Pourquoi choisir l\u2019argent sterling ?<\/p>\n<p>L&#039;argent sterling est un m\u00e9tal intemporel et \u00e9l\u00e9gant, appr\u00e9ci\u00e9 pour son \u00e9clat unique et sa beaut\u00e9 durable. Fabriqu\u00e9 en argent sterling 925, il offre une sensation de grande qualit\u00e9 et une excellente r\u00e9sistance au ternissement, ce qui le rend parfait pour un usage quotidien. Compar\u00e9 \u00e0 d&#039;autres m\u00e9taux, l&#039;argent sterling est hypoallerg\u00e9nique et doux pour la peau, ce qui en fait un choix id\u00e9al pour les peaux sensibles. Que ce soit pour offrir ou pour se faire plaisir, les bijoux en argent sterling ajoutent une touche de sophistication et d&#039;originalit\u00e9.<\/p>\n<p>&nbsp;<\/p>\n<p>Comment prendre soin des bijoux en argent sterling ?<\/p>\n<p>\u2661 Pour conserver l&#039;\u00e9clat de vos bijoux en argent sterling, \u00e9vitez tout contact avec l&#039;eau, les parfums et les produits chimiques. Rangez-les dans une bo\u00eete \u00e0 bijoux s\u00e8che et scell\u00e9e lorsque vous ne les utilisez pas. Nettoyez-les r\u00e9guli\u00e8rement avec un chiffon doux pour \u00e9liminer le ternissement. S&#039;il s&#039;assombrit avec le temps, utilisez un chiffon de polissage pour argent ou un nettoyant doux pour argent pour lui redonner son \u00e9clat. Avec un entretien appropri\u00e9, vos bijoux en argent sterling resteront \u00e9clatants pendant des ann\u00e9es !<\/p>\n<p>&nbsp;<\/p>\n<p>\u2661Remarque\u00a0: Veuillez faire attention lors du r\u00e9glage des bijoux\u00a0; \u00e9tant donn\u00e9 que les boucles d\u2019oreilles sont en argent sterling, un m\u00e9tal mou, nous devons \u00eatre prudents lors de leur ajustement.<\/p>\n<p>\u2661 Tous les articles sont joliment emball\u00e9s, pr\u00eats \u00e0 \u00eatre offerts dans d&#039;\u00e9l\u00e9gantes bo\u00eetes \u00e0 bijoux. Nos bo\u00eetes \u00e0 bijoux sont r\u00e9utilisables et recyclables \u2661.<\/p>\n<p>&nbsp;<\/p>\n<p>D\u00e9lai de livraison:<\/p>\n<p>\u2661 Ce mod\u00e8le est pr\u00eat \u00e0 \u00eatre exp\u00e9di\u00e9 sous 1 \u00e0 2 jours ouvrables. Vous recevrez g\u00e9n\u00e9ralement votre commande sous 10 jours.<\/p>\n<p>Vous disposez de 30 jours pour effectuer des retours ou des \u00e9changes.<\/p>\n<p>&nbsp;<\/p>\n<p>En savoir plus sur nous :<\/p>\n<p>IG : @crisjoyas_oficial<\/p>\n<p>\u2661 Vous avez des questions ou besoin d&#039;aide\u00a0? N&#039;h\u00e9sitez pas \u00e0 nous contacter. Nous r\u00e9pondons rapidement. Merci beaucoup pour votre visite et nous esp\u00e9rons que vous appr\u00e9cierez votre exp\u00e9rience d&#039;achat\u00a0! \u2661<\/p>","protected":false},"excerpt":{"rendered":"<p>100% en argent sterling, livr\u00e9 avec un \u00e9crin \u00e0 bijoux.<\/p>","protected":false},"featured_media":17738,"comment_status":"open","ping_status":"closed","template":"","meta":{"_themeisle_gutenberg_block_has_review":false},"product_brand":[],"product_cat":[11,54,46],"product_tag":[],"class_list":{"0":"post-17574","1":"product","2":"type-product","3":"status-publish","4":"has-post-thumbnail","6":"product_cat-anillos","7":"product_cat-colecciones","8":"product_cat-novedades","9":"product_shipping_class-envio-estandarlos-pedidos-seran-recibidos-antes-del-3-dias","11":"first","12":"instock","13":"sale","14":"shipping-taxable","15":"purchasable","16":"product-type-simple"},"_links":{"self":[{"href":"https:\/\/www.crisjoyas.com\/fr\/wp-json\/wp\/v2\/product\/17574","targetHints":{"allow":["GET"]}}],"collection":[{"href":"https:\/\/www.crisjoyas.com\/fr\/wp-json\/wp\/v2\/product"}],"about":[{"href":"https:\/\/www.crisjoyas.com\/fr\/wp-json\/wp\/v2\/types\/product"}],"replies":[{"embeddable":true,"href":"https:\/\/www.crisjoyas.com\/fr\/wp-json\/wp\/v2\/comments?post=17574"}],"version-history":[{"count":2,"href":"https:\/\/www.crisjoyas.com\/fr\/wp-json\/wp\/v2\/product\/17574\/revisions"}],"predecessor-version":[{"id":17745,"href":"https:\/\/www.crisjoyas.com\/fr\/wp-json\/wp\/v2\/product\/17574\/revisions\/17745"}],"wp:featuredmedia":[{"embeddable":true,"href":"https:\/\/www.crisjoyas.com\/fr\/wp-json\/wp\/v2\/media\/17738"}],"wp:attachment":[{"href":"https:\/\/www.crisjoyas.com\/fr\/wp-json\/wp\/v2\/media?parent=17574"}],"wp:term":[{"taxonomy":"product_brand","embeddable":true,"href":"https:\/\/www.crisjoyas.com\/fr\/wp-json\/wp\/v2\/product_brand?post=17574"},{"taxonomy":"product_cat","embeddable":true,"href":"https:\/\/www.crisjoyas.com\/fr\/wp-json\/wp\/v2\/product_cat?post=17574"},{"taxonomy":"product_tag","embeddable":true,"href":"https:\/\/www.crisjoyas.com\/fr\/wp-json\/wp\/v2\/product_tag?post=17574"}],"curies":[{"name":"wp","href":"https:\/\/api.w.org\/{rel}","templated":true}]}}