{"id":17588,"date":"2026-02-25T12:41:16","date_gmt":"2026-02-25T11:41:16","guid":{"rendered":"https:\/\/www.crisjoyas.com\/?post_type=product&#038;p=17588"},"modified":"2026-02-27T11:03:34","modified_gmt":"2026-02-27T10:03:34","slug":"collar-con-colgante-de-mariposa-monarca-azul-en-plata-925-joyeria-elegante-para-mujer","status":"publish","type":"product","link":"https:\/\/www.crisjoyas.com\/fr\/product\/collar-con-colgante-de-mariposa-monarca-azul-en-plata-925-joyeria-elegante-para-mujer\/","title":{"rendered":"Collier pendentif papillon monarque bleu en argent sterling 925 | Bijou \u00e9l\u00e9gant pour femme"},"content":{"rendered":"<p data-path-to-node=\"9,1\">Inspir\u00e9 par la transformation et la libert\u00e9 de la nature, ce collier capture l&#039;essence d&#039;une <b data-path-to-node=\"9,1\" data-index-in-node=\"101\">papillon<\/b> en plein vol. Son atout majeur r\u00e9side dans son savoir-faire exceptionnel. <b data-path-to-node=\"9,1\" data-index-in-node=\"177\">vernis \u00e0 ongles dans les tons bleu fonc\u00e9 et turquoise<\/b>, Appliqu\u00e9 avec minutie pour cr\u00e9er un effet de d\u00e9grad\u00e9 qui imite la brillance des vraies ailes sous la lumi\u00e8re.<\/p>\n<p data-path-to-node=\"9,2\">Fabriqu\u00e9 enti\u00e8rement en <b data-path-to-node=\"9,2\" data-index-in-node=\"26\">Argent sterling 925<\/b>, Ce bijou n&#039;est pas qu&#039;un simple accessoire, mais un symbole de renaissance et de beaut\u00e9 int\u00e9rieure. Sa finition polie et la couleur \u00e9clatante de son \u00e9mail lui conf\u00e8rent une touche d&#039;\u00e9l\u00e9gance. <b data-path-to-node=\"9,2\" data-index-in-node=\"199\">vintage et sophistiqu\u00e9<\/b> Ce bijou s&#039;accorde avec tous les styles, faisant de lui l&#039;amulette parfaite pour celles et ceux qui cherchent \u00e0 affirmer leur esprit libre.<\/p>\n<ul>\n<li>\n<p data-path-to-node=\"12,0,0\"><b data-path-to-node=\"12,0,0\" data-index-in-node=\"0\">Mat\u00e9riel:<\/b> Argent sterling 925 certifi\u00e9 (sans nickel ni plomb).<\/p>\n<\/li>\n<li>\n<p data-path-to-node=\"12,1,0\"><b data-path-to-node=\"12,1,0\" data-index-in-node=\"0\">Finition:<\/b> \u00c9mail cuit haute r\u00e9sistance pour une couleur durable.<\/p>\n<\/li>\n<li>\n<p data-path-to-node=\"12,2,0\"><b data-path-to-node=\"12,2,0\" data-index-in-node=\"0\">Cha\u00eene:<\/b> Comprend une fine cha\u00eene \u00e0 maillons en argent avec fermoir de s\u00e9curit\u00e9.<\/p>\n<\/li>\n<li>\n<p data-path-to-node=\"12,3,0\"><b data-path-to-node=\"12,3,0\" data-index-in-node=\"0\">Signification:<\/b> Le papillon symbolise l&#039;\u00e9volution et la bonne fortune.<\/p>\n<\/li>\n<\/ul>\n<p>Liste des packages :<\/p>\n<p>-Collier papillon * 1<\/p>\n<p>-Bo\u00eete \u00e0 bijoux * 1<\/p>\n<p>- Chiffon \u00e0 polir l&#039;argent * 1<\/p>\n<p>&nbsp;<\/p>\n<p>Pourquoi choisir l\u2019argent sterling ?<\/p>\n<p>L&#039;argent sterling est un m\u00e9tal intemporel et \u00e9l\u00e9gant, appr\u00e9ci\u00e9 pour son \u00e9clat unique et sa beaut\u00e9 durable. Fabriqu\u00e9 en argent sterling 925, il offre une sensation de grande qualit\u00e9 et une excellente r\u00e9sistance au ternissement, ce qui le rend parfait pour un usage quotidien. Compar\u00e9 \u00e0 d&#039;autres m\u00e9taux, l&#039;argent sterling est hypoallerg\u00e9nique et doux pour la peau, ce qui en fait un choix id\u00e9al pour les peaux sensibles. Que ce soit pour offrir ou pour se faire plaisir, les bijoux en argent sterling ajoutent une touche de sophistication et d&#039;originalit\u00e9.<\/p>\n<p>&nbsp;<\/p>\n<p>Comment prendre soin des bijoux en argent sterling ?<\/p>\n<p>\u2661 Pour conserver l&#039;\u00e9clat de vos bijoux en argent sterling, \u00e9vitez tout contact avec l&#039;eau, les parfums et les produits chimiques. Rangez-les dans une bo\u00eete \u00e0 bijoux s\u00e8che et scell\u00e9e lorsque vous ne les utilisez pas. Nettoyez-les r\u00e9guli\u00e8rement avec un chiffon doux pour \u00e9liminer le ternissement. S&#039;il s&#039;assombrit avec le temps, utilisez un chiffon de polissage pour argent ou un nettoyant doux pour argent pour lui redonner son \u00e9clat. Avec un entretien appropri\u00e9, vos bijoux en argent sterling resteront \u00e9clatants pendant des ann\u00e9es !<\/p>\n<p>&nbsp;<\/p>\n<p>\u2661Remarque\u00a0: Veuillez faire attention lors du r\u00e9glage des bijoux\u00a0; \u00e9tant donn\u00e9 que les boucles d\u2019oreilles sont en argent sterling, un m\u00e9tal mou, nous devons \u00eatre prudents lors de leur ajustement.<\/p>\n<p>\u2661 Tous les articles sont joliment emball\u00e9s, pr\u00eats \u00e0 \u00eatre offerts dans d&#039;\u00e9l\u00e9gantes bo\u00eetes \u00e0 bijoux. Nos bo\u00eetes \u00e0 bijoux sont r\u00e9utilisables et recyclables \u2661.<\/p>\n<p>&nbsp;<\/p>\n<p>D\u00e9lai de livraison:<\/p>\n<p>\u2661 Ce mod\u00e8le est pr\u00eat \u00e0 \u00eatre exp\u00e9di\u00e9 sous 1 \u00e0 2 jours ouvrables. Vous recevrez g\u00e9n\u00e9ralement votre commande sous 10 jours.<\/p>\n<p>Vous disposez de 30 jours pour effectuer des retours ou des \u00e9changes.<\/p>\n<p>&nbsp;<\/p>\n<p>En savoir plus sur nous :<\/p>\n<p>IG : @crisjoyas_oficial<\/p>\n<p>\u2661 Vous avez des questions ou besoin d&#039;aide\u00a0? N&#039;h\u00e9sitez pas \u00e0 nous contacter. Nous r\u00e9pondons rapidement. Merci beaucoup pour votre visite et nous esp\u00e9rons que vous appr\u00e9cierez votre exp\u00e9rience d&#039;achat\u00a0! \u2661<\/p>","protected":false},"excerpt":{"rendered":"<p>100% en argent sterling, livr\u00e9 avec un \u00e9crin \u00e0 bijoux.<\/p>","protected":false},"featured_media":17723,"comment_status":"open","ping_status":"closed","template":"","meta":{"_themeisle_gutenberg_block_has_review":false},"product_brand":[],"product_cat":[54,23,65,46],"product_tag":[243],"class_list":{"0":"post-17588","1":"product","2":"type-product","3":"status-publish","4":"has-post-thumbnail","6":"product_cat-colecciones","7":"product_cat-collares","8":"product_cat-mariposa","9":"product_cat-novedades","10":"product_tag-regalo","11":"product_shipping_class-envio-estandarlos-pedidos-seran-recibidos-antes-del-3-dias","13":"first","14":"instock","15":"sale","16":"shipping-taxable","17":"purchasable","18":"product-type-simple"},"_links":{"self":[{"href":"https:\/\/www.crisjoyas.com\/fr\/wp-json\/wp\/v2\/product\/17588","targetHints":{"allow":["GET"]}}],"collection":[{"href":"https:\/\/www.crisjoyas.com\/fr\/wp-json\/wp\/v2\/product"}],"about":[{"href":"https:\/\/www.crisjoyas.com\/fr\/wp-json\/wp\/v2\/types\/product"}],"replies":[{"embeddable":true,"href":"https:\/\/www.crisjoyas.com\/fr\/wp-json\/wp\/v2\/comments?post=17588"}],"version-history":[{"count":1,"href":"https:\/\/www.crisjoyas.com\/fr\/wp-json\/wp\/v2\/product\/17588\/revisions"}],"predecessor-version":[{"id":17596,"href":"https:\/\/www.crisjoyas.com\/fr\/wp-json\/wp\/v2\/product\/17588\/revisions\/17596"}],"wp:featuredmedia":[{"embeddable":true,"href":"https:\/\/www.crisjoyas.com\/fr\/wp-json\/wp\/v2\/media\/17723"}],"wp:attachment":[{"href":"https:\/\/www.crisjoyas.com\/fr\/wp-json\/wp\/v2\/media?parent=17588"}],"wp:term":[{"taxonomy":"product_brand","embeddable":true,"href":"https:\/\/www.crisjoyas.com\/fr\/wp-json\/wp\/v2\/product_brand?post=17588"},{"taxonomy":"product_cat","embeddable":true,"href":"https:\/\/www.crisjoyas.com\/fr\/wp-json\/wp\/v2\/product_cat?post=17588"},{"taxonomy":"product_tag","embeddable":true,"href":"https:\/\/www.crisjoyas.com\/fr\/wp-json\/wp\/v2\/product_tag?post=17588"}],"curies":[{"name":"wp","href":"https:\/\/api.w.org\/{rel}","templated":true}]}}