{"id":17609,"date":"2026-02-26T10:30:25","date_gmt":"2026-02-26T09:30:25","guid":{"rendered":"https:\/\/www.crisjoyas.com\/?post_type=product&#038;p=17609"},"modified":"2026-02-27T10:52:14","modified_gmt":"2026-02-27T09:52:14","slug":"french-camellia-pearl-stud-earrings-925-sterling-silver-rose-flower-jewelry-for-women-hypoallergenic-dainty-earrings","status":"publish","type":"product","link":"https:\/\/www.crisjoyas.com\/fr\/product\/french-camellia-pearl-stud-earrings-925-sterling-silver-rose-flower-jewelry-for-women-hypoallergenic-dainty-earrings\/","title":{"rendered":"Boucles d&#039;oreilles puces cam\u00e9lia fran\u00e7ais et perles | Bijoux en argent sterling 925 en forme de rose pour femme | Boucles d&#039;oreilles d\u00e9licates et hypoallerg\u00e9niques"},"content":{"rendered":"<p data-path-to-node=\"8\">Inspir\u00e9es par l&#039;embl\u00e9matique cam\u00e9lia parisien, ces boucles d&#039;oreilles pr\u00e9sentent des p\u00e9tales d\u00e9licatement superpos\u00e9s qui cr\u00e9ent une impression de douceur et de volume. En leur centre, une perle au lustre serein \u00e9voque la puret\u00e9 de la fleur, ajoutant un effet visuel sophistiqu\u00e9 et tridimensionnel.<\/p>\n<p data-path-to-node=\"9\">Le cam\u00e9lia symbolise l&#039;amour id\u00e9al et l&#039;humilit\u00e9. Avec une \u00e9l\u00e9gance r\u00e9tro qui \u00e9voque Audrey Hepburn, ce mod\u00e8le est parfait pour la femme active moderne. Qu&#039;elles soient port\u00e9es avec une petite robe noire classique ou un chemisier simple, ces boucles d&#039;oreilles... <b data-path-to-node=\"9\" data-index-in-node=\"263\">Argent sterling 925<\/b> Ils apportent cette touche de sophistication fran\u00e7aise sans le moindre effort.<\/p>\n<p>\u2013 Mat\u00e9riau : Argent sterling 925 massif de haute qualit\u00e9<\/p>\n<p>\u2013 Dimensions : 10 x 10 mm<\/p>\n<p>\u2013 Pierre : Perle d&#039;eau douce<\/p>\n<p>&nbsp;<\/p>\n<p>Liste des packages :<\/p>\n<p>- Boucles d&#039;oreilles en perles *2<\/p>\n<p>-Bo\u00eete \u00e0 bijoux * 1<\/p>\n<p>- Chiffon \u00e0 polir l&#039;argent * 1<\/p>\n<p>&nbsp;<\/p>\n<p>Pourquoi choisir l\u2019argent sterling ?<\/p>\n<p>L&#039;argent sterling est un m\u00e9tal intemporel et \u00e9l\u00e9gant, appr\u00e9ci\u00e9 pour son \u00e9clat unique et sa beaut\u00e9 durable. Fabriqu\u00e9 en argent sterling 925, il offre une sensation de grande qualit\u00e9 et une excellente r\u00e9sistance au ternissement, ce qui le rend parfait pour un usage quotidien. Compar\u00e9 \u00e0 d&#039;autres m\u00e9taux, l&#039;argent sterling est hypoallerg\u00e9nique et doux pour la peau, ce qui en fait un choix id\u00e9al pour les peaux sensibles. Que ce soit pour offrir ou pour se faire plaisir, les bijoux en argent sterling ajoutent une touche de sophistication et d&#039;originalit\u00e9.<\/p>\n<p>&nbsp;<\/p>\n<p>Comment prendre soin des bijoux en argent sterling ?<\/p>\n<p>\u2661 Pour conserver l&#039;\u00e9clat de vos bijoux en argent sterling, \u00e9vitez tout contact avec l&#039;eau, les parfums et les produits chimiques. Rangez-les dans une bo\u00eete \u00e0 bijoux s\u00e8che et scell\u00e9e lorsque vous ne les utilisez pas. Nettoyez-les r\u00e9guli\u00e8rement avec un chiffon doux pour \u00e9liminer le ternissement. S&#039;il s&#039;assombrit avec le temps, utilisez un chiffon de polissage pour argent ou un nettoyant doux pour argent pour lui redonner son \u00e9clat. Avec un entretien appropri\u00e9, vos bijoux en argent sterling resteront \u00e9clatants pendant des ann\u00e9es !<\/p>\n<p>&nbsp;<\/p>\n<p>\u2661Remarque\u00a0: Veuillez faire attention lors du r\u00e9glage des bijoux\u00a0; \u00e9tant donn\u00e9 que les boucles d\u2019oreilles sont en argent sterling, un m\u00e9tal mou, nous devons \u00eatre prudents lors de leur ajustement.<\/p>\n<p>\u2661 Tous les articles sont joliment emball\u00e9s, pr\u00eats \u00e0 \u00eatre offerts dans d&#039;\u00e9l\u00e9gantes bo\u00eetes \u00e0 bijoux. Nos bo\u00eetes \u00e0 bijoux sont r\u00e9utilisables et recyclables \u2661.<\/p>\n<p>&nbsp;<\/p>\n<p>D\u00e9lai de livraison:<\/p>\n<p>\u2661 Ce mod\u00e8le est pr\u00eat \u00e0 \u00eatre exp\u00e9di\u00e9 sous 1 \u00e0 2 jours ouvrables. Vous recevrez g\u00e9n\u00e9ralement votre commande sous 10 jours.<\/p>\n<p>Vous disposez de 30 jours pour effectuer des retours ou des \u00e9changes.<\/p>\n<p>&nbsp;<\/p>\n<p>En savoir plus sur nous :<\/p>\n<p>IG : @crisjoyas_oficial<\/p>\n<p>\u2661 Vous avez des questions ou besoin d&#039;aide\u00a0? N&#039;h\u00e9sitez pas \u00e0 nous contacter. Nous r\u00e9pondons rapidement. Merci beaucoup pour votre visite et nous esp\u00e9rons que vous appr\u00e9cierez votre exp\u00e9rience d&#039;achat\u00a0! \u2661<\/p>","protected":false},"excerpt":{"rendered":"<p>100% en argent sterling 925, livr\u00e9 avec un \u00e9crin \u00e0 bijoux.<\/p>","protected":false},"featured_media":17700,"comment_status":"open","ping_status":"closed","template":"","meta":{"_themeisle_gutenberg_block_has_review":false},"product_brand":[],"product_cat":[54,46,190,56],"product_tag":[51,243],"class_list":{"0":"post-17609","1":"product","2":"type-product","3":"status-publish","4":"has-post-thumbnail","6":"product_cat-colecciones","7":"product_cat-novedades","8":"product_cat-pendientes","9":"product_cat-perlas","10":"product_tag-perla","11":"product_tag-regalo","12":"product_shipping_class-envio-estandarlos-pedidos-seran-recibidos-antes-del-3-dias","14":"first","15":"instock","16":"sale","17":"shipping-taxable","18":"purchasable","19":"product-type-simple"},"_links":{"self":[{"href":"https:\/\/www.crisjoyas.com\/fr\/wp-json\/wp\/v2\/product\/17609","targetHints":{"allow":["GET"]}}],"collection":[{"href":"https:\/\/www.crisjoyas.com\/fr\/wp-json\/wp\/v2\/product"}],"about":[{"href":"https:\/\/www.crisjoyas.com\/fr\/wp-json\/wp\/v2\/types\/product"}],"replies":[{"embeddable":true,"href":"https:\/\/www.crisjoyas.com\/fr\/wp-json\/wp\/v2\/comments?post=17609"}],"version-history":[{"count":1,"href":"https:\/\/www.crisjoyas.com\/fr\/wp-json\/wp\/v2\/product\/17609\/revisions"}],"predecessor-version":[{"id":17617,"href":"https:\/\/www.crisjoyas.com\/fr\/wp-json\/wp\/v2\/product\/17609\/revisions\/17617"}],"wp:featuredmedia":[{"embeddable":true,"href":"https:\/\/www.crisjoyas.com\/fr\/wp-json\/wp\/v2\/media\/17700"}],"wp:attachment":[{"href":"https:\/\/www.crisjoyas.com\/fr\/wp-json\/wp\/v2\/media?parent=17609"}],"wp:term":[{"taxonomy":"product_brand","embeddable":true,"href":"https:\/\/www.crisjoyas.com\/fr\/wp-json\/wp\/v2\/product_brand?post=17609"},{"taxonomy":"product_cat","embeddable":true,"href":"https:\/\/www.crisjoyas.com\/fr\/wp-json\/wp\/v2\/product_cat?post=17609"},{"taxonomy":"product_tag","embeddable":true,"href":"https:\/\/www.crisjoyas.com\/fr\/wp-json\/wp\/v2\/product_tag?post=17609"}],"curies":[{"name":"wp","href":"https:\/\/api.w.org\/{rel}","templated":true}]}}