{"id":17628,"date":"2026-02-26T11:15:50","date_gmt":"2026-02-26T10:15:50","guid":{"rendered":"https:\/\/www.crisjoyas.com\/?post_type=product&#038;p=17628"},"modified":"2026-02-26T11:15:50","modified_gmt":"2026-02-26T10:15:50","slug":"collar-de-gotas-de-cristal-morado-en-plata-de-ley-925-gargantilla-elegante-con-circonitas-para-mujer-joyeria-fina","status":"publish","type":"product","link":"https:\/\/www.crisjoyas.com\/fr\/product\/collar-de-gotas-de-cristal-morado-en-plata-de-ley-925-gargantilla-elegante-con-circonitas-para-mujer-joyeria-fina\/","title":{"rendered":"Collier ras-de-cou \u00e9l\u00e9gant en argent sterling 925 orn\u00e9 d&#039;un cristal violet et de zirconiums cubiques, bijou raffin\u00e9 pour femme."},"content":{"rendered":"<p>Cette pi\u00e8ce puise son inspiration dans un coucher de soleil sur des champs de lavande, o\u00f9 les derniers rayons du soleil teintent le paysage de reflets dor\u00e9s et violets. Son design cherche \u00e0 capturer l&#039;essence de la f\u00e9minit\u00e9 moderne\u00a0: d\u00e9licate et pourtant dot\u00e9e d&#039;une personnalit\u00e9 vibrante.<\/p>\n<p>Ce collier est confectionn\u00e9 en argent sterling 925 aux finitions raffin\u00e9es. Il pr\u00e9sente une s\u00e9quence rythm\u00e9e de cristaux aux deux tailles distinctes\u00a0: des oxydes de zirconium circulaires qui offrent un \u00e9clat classique et des cristaux rectangulaires aux reflets am\u00e9thyste qui ajoutent une profondeur mystique. Cette combinaison de formes g\u00e9om\u00e9triques cr\u00e9e un effet de \u00ab\u00a0paillettes de lumi\u00e8re\u00a0\u00bb qui glisse avec gr\u00e2ce sur la peau, illuminant le d\u00e9collet\u00e9 d\u2019une sophistication \u00e0 la fran\u00e7aise. C\u2019est une pi\u00e8ce con\u00e7ue pour la femme en qu\u00eate d\u2019un d\u00e9tail distinctif, capable de transformer une tenue simple en une allure empreinte d\u2019\u00e9l\u00e9gance et de magn\u00e9tisme.<\/p>\n<p>\u2013 Mat\u00e9riau : Argent sterling 925 massif de haute qualit\u00e9<\/p>\n<p>\u2013 Pierre : Cristal et zircon<\/p>\n<p>\u2013 Taille : 40 + 5 cm<\/p>\n<p>&nbsp;<\/p>\n<p>Liste des packages :<\/p>\n<p>-Collier en argent * 1<\/p>\n<p>-Bo\u00eete \u00e0 bijoux * 1<\/p>\n<p>&nbsp;<\/p>\n<p>Pourquoi choisir l\u2019argent sterling ?<\/p>\n<p>L&#039;argent sterling est un m\u00e9tal intemporel et \u00e9l\u00e9gant, appr\u00e9ci\u00e9 pour son \u00e9clat unique et sa beaut\u00e9 durable. Fabriqu\u00e9 en argent sterling 925, il offre une sensation de grande qualit\u00e9 et une excellente r\u00e9sistance au ternissement, ce qui le rend parfait pour un usage quotidien. Compar\u00e9 \u00e0 d&#039;autres m\u00e9taux, l&#039;argent sterling est hypoallerg\u00e9nique et doux pour la peau, ce qui en fait un choix id\u00e9al pour les peaux sensibles. Que ce soit pour offrir ou pour se faire plaisir, les bijoux en argent sterling ajoutent une touche de sophistication et d&#039;originalit\u00e9.<\/p>\n<p>&nbsp;<\/p>\n<p>Comment prendre soin des bijoux en argent sterling ?<\/p>\n<p>\u2661 Pour conserver l&#039;\u00e9clat de vos bijoux en argent sterling, \u00e9vitez tout contact avec l&#039;eau, les parfums et les produits chimiques. Rangez-les dans une bo\u00eete \u00e0 bijoux s\u00e8che et scell\u00e9e lorsque vous ne les utilisez pas. Nettoyez-les r\u00e9guli\u00e8rement avec un chiffon doux pour \u00e9liminer le ternissement. S&#039;il s&#039;assombrit avec le temps, utilisez un chiffon de polissage pour argent ou un nettoyant doux pour argent pour lui redonner son \u00e9clat. Avec un entretien appropri\u00e9, vos bijoux en argent sterling resteront \u00e9clatants pendant des ann\u00e9es !<\/p>\n<p>&nbsp;<\/p>\n<p>\u2661Remarque\u00a0: Veuillez faire attention lors du r\u00e9glage des bijoux\u00a0; \u00e9tant donn\u00e9 que les boucles d\u2019oreilles sont en argent sterling, un m\u00e9tal mou, nous devons \u00eatre prudents lors de leur ajustement.<\/p>\n<p>\u2661 Tous les articles sont joliment emball\u00e9s, pr\u00eats \u00e0 \u00eatre offerts dans d&#039;\u00e9l\u00e9gantes bo\u00eetes \u00e0 bijoux. Nos bo\u00eetes \u00e0 bijoux sont r\u00e9utilisables et recyclables \u2661.<\/p>\n<p>&nbsp;<\/p>\n<p>D\u00e9lai de livraison:<\/p>\n<p>\u2661 Ce mod\u00e8le est pr\u00eat \u00e0 \u00eatre exp\u00e9di\u00e9 sous 1 \u00e0 2 jours ouvrables. Vous recevrez g\u00e9n\u00e9ralement votre commande sous 10 jours.<\/p>\n<p>Vous disposez de 30 jours pour effectuer des retours ou des \u00e9changes.<\/p>\n<p>&nbsp;<\/p>\n<p>En savoir plus sur nous :<\/p>\n<p>IG : @crisjoyas_oficial<\/p>\n<p>\u2661 Vous avez des questions ou besoin d&#039;aide\u00a0? N&#039;h\u00e9sitez pas \u00e0 nous contacter. Nous r\u00e9pondons rapidement. Merci beaucoup pour votre visite et nous esp\u00e9rons que vous appr\u00e9cierez votre exp\u00e9rience d&#039;achat\u00a0! \u2661<\/p>","protected":false},"excerpt":{"rendered":"<p>100% en argent sterling, livr\u00e9 avec un \u00e9crin \u00e0 bijoux.<\/p>","protected":false},"featured_media":17629,"comment_status":"open","ping_status":"closed","template":"","meta":{"_themeisle_gutenberg_block_has_review":false},"product_brand":[],"product_cat":[54,23,55,46],"product_tag":[268,243],"class_list":{"0":"post-17628","1":"product","2":"type-product","3":"status-publish","4":"has-post-thumbnail","6":"product_cat-colecciones","7":"product_cat-collares","8":"product_cat-cristales","9":"product_cat-novedades","10":"product_tag-boda","11":"product_tag-regalo","12":"product_shipping_class-envio-estandarlos-pedidos-seran-recibidos-antes-del-3-dias","14":"first","15":"instock","16":"sale","17":"shipping-taxable","18":"purchasable","19":"product-type-simple"},"_links":{"self":[{"href":"https:\/\/www.crisjoyas.com\/fr\/wp-json\/wp\/v2\/product\/17628","targetHints":{"allow":["GET"]}}],"collection":[{"href":"https:\/\/www.crisjoyas.com\/fr\/wp-json\/wp\/v2\/product"}],"about":[{"href":"https:\/\/www.crisjoyas.com\/fr\/wp-json\/wp\/v2\/types\/product"}],"replies":[{"embeddable":true,"href":"https:\/\/www.crisjoyas.com\/fr\/wp-json\/wp\/v2\/comments?post=17628"}],"version-history":[{"count":1,"href":"https:\/\/www.crisjoyas.com\/fr\/wp-json\/wp\/v2\/product\/17628\/revisions"}],"predecessor-version":[{"id":17635,"href":"https:\/\/www.crisjoyas.com\/fr\/wp-json\/wp\/v2\/product\/17628\/revisions\/17635"}],"wp:featuredmedia":[{"embeddable":true,"href":"https:\/\/www.crisjoyas.com\/fr\/wp-json\/wp\/v2\/media\/17629"}],"wp:attachment":[{"href":"https:\/\/www.crisjoyas.com\/fr\/wp-json\/wp\/v2\/media?parent=17628"}],"wp:term":[{"taxonomy":"product_brand","embeddable":true,"href":"https:\/\/www.crisjoyas.com\/fr\/wp-json\/wp\/v2\/product_brand?post=17628"},{"taxonomy":"product_cat","embeddable":true,"href":"https:\/\/www.crisjoyas.com\/fr\/wp-json\/wp\/v2\/product_cat?post=17628"},{"taxonomy":"product_tag","embeddable":true,"href":"https:\/\/www.crisjoyas.com\/fr\/wp-json\/wp\/v2\/product_tag?post=17628"}],"curies":[{"name":"wp","href":"https:\/\/api.w.org\/{rel}","templated":true}]}}