{"id":17652,"date":"2026-02-26T12:03:36","date_gmt":"2026-02-26T11:03:36","guid":{"rendered":"https:\/\/www.crisjoyas.com\/?post_type=product&#038;p=17652"},"modified":"2026-02-27T10:32:18","modified_gmt":"2026-02-27T09:32:18","slug":"anillo-minimalista-de-conchas-en-plata-925-joyeria-hecha-a-mano-para-mujer-regalo-de-cumpleanos-elegante","status":"publish","type":"product","link":"https:\/\/www.crisjoyas.com\/fr\/product\/anillo-minimalista-de-conchas-en-plata-925-joyeria-hecha-a-mano-para-mujer-regalo-de-cumpleanos-elegante\/","title":{"rendered":"Bague minimaliste en forme de coquillage en argent sterling 925 | Bijou artisanal pour femme | Cadeau d&#039;anniversaire \u00e9l\u00e9gant"},"content":{"rendered":"<p>Ce motif s&#039;inspire de la s\u00e9r\u00e9nit\u00e9 des c\u00f4tes m\u00e9diterran\u00e9ennes et de la beaut\u00e9 organique que nous offre la mer. Il rend hommage au coquillage, symbole \u00e9ternel de protection, de naissance et de bonne fortune.<br \/>\nCette bague pr\u00e9sente une s\u00e9rie de coquillages finement travaill\u00e9s qui s&#039;entrelacent pour former une d\u00e9licate couronne autour du doigt. Chaque coquillage a \u00e9t\u00e9 sculpt\u00e9 pour mettre en valeur ses lignes naturelles et sa texture stri\u00e9e, capturant ainsi l&#039;essence de la nature en format miniature.<br \/>\nGr\u00e2ce \u00e0 son design ouvert et ajustable, cette bague s&#039;adapte \u00e0 toutes les tailles, symbolisant la fluidit\u00e9 et la libert\u00e9 de l&#039;eau. C&#039;est le bijou id\u00e9al pour celles qui souhaitent emporter avec elles un peu d&#039;\u00e9t\u00e9 et la s\u00e9r\u00e9nit\u00e9 de la mer, apportant une touche de fra\u00eecheur et de boh\u00e8me \u00e0 toutes leurs tenues, de la robe l\u00e9g\u00e8re au look d\u00e9contract\u00e9 du bureau.<\/p>\n<p>&nbsp;<\/p>\n<p>\u2013 Mat\u00e9riau : Argent sterling 925 massif de haute qualit\u00e9<\/p>\n<p>\u2013 Taille : R\u00e9glable<\/p>\n<p>&nbsp;<\/p>\n<p>Liste des packages :<\/p>\n<p>- Bague en argent * 1<\/p>\n<p>-Bo\u00eete \u00e0 bijoux * 1<\/p>\n<p>- Chiffon \u00e0 polir l&#039;argent * 1<\/p>\n<p>&nbsp;<\/p>\n<p>Pourquoi choisir l\u2019argent sterling ?<\/p>\n<p>L&#039;argent sterling est un m\u00e9tal intemporel et \u00e9l\u00e9gant, appr\u00e9ci\u00e9 pour son \u00e9clat unique et sa beaut\u00e9 durable. Fabriqu\u00e9 en argent sterling 925, il offre une sensation de grande qualit\u00e9 et une excellente r\u00e9sistance au ternissement, ce qui le rend parfait pour un usage quotidien. Compar\u00e9 \u00e0 d&#039;autres m\u00e9taux, l&#039;argent sterling est hypoallerg\u00e9nique et doux pour la peau, ce qui en fait un choix id\u00e9al pour les peaux sensibles. Que ce soit pour offrir ou pour se faire plaisir, les bijoux en argent sterling ajoutent une touche de sophistication et d&#039;originalit\u00e9.<\/p>\n<p>&nbsp;<\/p>\n<p>Comment prendre soin des bijoux en argent sterling ?<\/p>\n<p>\u2661 Pour conserver l&#039;\u00e9clat de vos bijoux en argent sterling, \u00e9vitez tout contact avec l&#039;eau, les parfums et les produits chimiques. Rangez-les dans une bo\u00eete \u00e0 bijoux s\u00e8che et scell\u00e9e lorsque vous ne les utilisez pas. Nettoyez-les r\u00e9guli\u00e8rement avec un chiffon doux pour \u00e9liminer le ternissement. S&#039;il s&#039;assombrit avec le temps, utilisez un chiffon de polissage pour argent ou un nettoyant doux pour argent pour lui redonner son \u00e9clat. Avec un entretien appropri\u00e9, vos bijoux en argent sterling resteront \u00e9clatants pendant des ann\u00e9es !<\/p>\n<p>&nbsp;<\/p>\n<p>\u2661Remarque\u00a0: Veuillez faire attention lors du r\u00e9glage des bijoux\u00a0; \u00e9tant donn\u00e9 que les boucles d\u2019oreilles sont en argent sterling, un m\u00e9tal mou, nous devons \u00eatre prudents lors de leur ajustement.<\/p>\n<p>\u2661 Tous les articles sont joliment emball\u00e9s, pr\u00eats \u00e0 \u00eatre offerts dans d&#039;\u00e9l\u00e9gantes bo\u00eetes \u00e0 bijoux. Nos bo\u00eetes \u00e0 bijoux sont r\u00e9utilisables et recyclables \u2661.<\/p>\n<p>&nbsp;<\/p>\n<p>D\u00e9lai de livraison:<\/p>\n<p>\u2661 Ce mod\u00e8le est pr\u00eat \u00e0 \u00eatre exp\u00e9di\u00e9 sous 1 \u00e0 2 jours ouvrables. Vous recevrez g\u00e9n\u00e9ralement votre commande sous 10 jours.<\/p>\n<p>Vous disposez de 30 jours pour effectuer des retours ou des \u00e9changes.<\/p>\n<p>&nbsp;<\/p>\n<p>En savoir plus sur nous :<\/p>\n<p>IG : @crisjoyas_oficial<\/p>\n<p>\u2661 Vous avez des questions ou besoin d&#039;aide\u00a0? N&#039;h\u00e9sitez pas \u00e0 nous contacter. Nous r\u00e9pondons rapidement. Merci beaucoup pour votre visite et nous esp\u00e9rons que vous appr\u00e9cierez votre exp\u00e9rience d&#039;achat\u00a0! \u2661<\/p>","protected":false},"excerpt":{"rendered":"<p>100% en argent sterling, livr\u00e9 avec un \u00e9crin \u00e0 bijoux.<\/p>","protected":false},"featured_media":17678,"comment_status":"open","ping_status":"closed","template":"","meta":{"_themeisle_gutenberg_block_has_review":false},"product_brand":[],"product_cat":[11,57,54,46],"product_tag":[243],"class_list":{"0":"post-17652","1":"product","2":"type-product","3":"status-publish","4":"has-post-thumbnail","6":"product_cat-anillos","7":"product_cat-basicos","8":"product_cat-colecciones","9":"product_cat-novedades","10":"product_tag-regalo","11":"product_shipping_class-envio-estandarlos-pedidos-seran-recibidos-antes-del-3-dias","13":"first","14":"instock","15":"sale","16":"shipping-taxable","17":"purchasable","18":"product-type-simple"},"_links":{"self":[{"href":"https:\/\/www.crisjoyas.com\/fr\/wp-json\/wp\/v2\/product\/17652","targetHints":{"allow":["GET"]}}],"collection":[{"href":"https:\/\/www.crisjoyas.com\/fr\/wp-json\/wp\/v2\/product"}],"about":[{"href":"https:\/\/www.crisjoyas.com\/fr\/wp-json\/wp\/v2\/types\/product"}],"replies":[{"embeddable":true,"href":"https:\/\/www.crisjoyas.com\/fr\/wp-json\/wp\/v2\/comments?post=17652"}],"version-history":[{"count":2,"href":"https:\/\/www.crisjoyas.com\/fr\/wp-json\/wp\/v2\/product\/17652\/revisions"}],"predecessor-version":[{"id":17677,"href":"https:\/\/www.crisjoyas.com\/fr\/wp-json\/wp\/v2\/product\/17652\/revisions\/17677"}],"wp:featuredmedia":[{"embeddable":true,"href":"https:\/\/www.crisjoyas.com\/fr\/wp-json\/wp\/v2\/media\/17678"}],"wp:attachment":[{"href":"https:\/\/www.crisjoyas.com\/fr\/wp-json\/wp\/v2\/media?parent=17652"}],"wp:term":[{"taxonomy":"product_brand","embeddable":true,"href":"https:\/\/www.crisjoyas.com\/fr\/wp-json\/wp\/v2\/product_brand?post=17652"},{"taxonomy":"product_cat","embeddable":true,"href":"https:\/\/www.crisjoyas.com\/fr\/wp-json\/wp\/v2\/product_cat?post=17652"},{"taxonomy":"product_tag","embeddable":true,"href":"https:\/\/www.crisjoyas.com\/fr\/wp-json\/wp\/v2\/product_tag?post=17652"}],"curies":[{"name":"wp","href":"https:\/\/api.w.org\/{rel}","templated":true}]}}