{"id":18116,"date":"2026-03-02T15:38:21","date_gmt":"2026-03-02T14:38:21","guid":{"rendered":"https:\/\/www.crisjoyas.com\/?post_type=product&#038;p=18116"},"modified":"2026-03-06T12:33:19","modified_gmt":"2026-03-06T11:33:19","slug":"collar-de-cruz-con-circonitas-en-diseno-de-flor-brillante-joyeria-de-plata-con-bano-de-oro-de-18k","status":"publish","type":"product","link":"https:\/\/www.crisjoyas.com\/fr\/product\/collar-de-cruz-con-circonitas-en-diseno-de-flor-brillante-joyeria-de-plata-con-bano-de-oro-de-18k\/","title":{"rendered":"Collier croix orn\u00e9 de zirconiums cubiques en forme de fleur scintillante, bijou en argent plaqu\u00e9 or 18 carats"},"content":{"rendered":"<p><b data-path-to-node=\"3\" data-index-in-node=\"0\">Inspiration pour le design :<\/b> Ce bijou est n\u00e9 de la fusion d&#039;une foi \u00e9ternelle et de la fra\u00eecheur de la nature. Il m\u00e9tamorphose une croix classique en un jardin radieux gr\u00e2ce \u00e0 l&#039;utilisation d&#039;oxydes de zirconium taill\u00e9s en brillant et en baguette, \u00e9voquant des p\u00e9tales de lumi\u00e8re. Con\u00e7u pour illuminer l&#039;\u00e2me, il allie l&#039;\u00e9l\u00e9gance intemporelle de l&#039;or \u00e0 la puret\u00e9 des cristaux, et est id\u00e9al pour celles qui recherchent un symbole de protection empreint de f\u00e9minit\u00e9 et de raffinement.<\/p>\n<p>\u2013 Mat\u00e9riau : Argent sterling 925 massif de haute qualit\u00e9<\/p>\n<p>\u2013 Pierre : Zircone cubique<\/p>\n<p>\u2013 Dimensions : 40 + 5 cm<\/p>\n<p>&nbsp;<\/p>\n<p>Liste des packages :<\/p>\n<p>-Collier en argent * 1<\/p>\n<p>-Bo\u00eete \u00e0 bijoux * 1<\/p>\n<p>&nbsp;<\/p>\n<p>Pourquoi choisir l\u2019argent sterling ?<\/p>\n<p>L&#039;argent sterling est un m\u00e9tal intemporel et \u00e9l\u00e9gant, appr\u00e9ci\u00e9 pour son \u00e9clat unique et sa beaut\u00e9 durable. Fabriqu\u00e9 en argent sterling 925, il offre une sensation de grande qualit\u00e9 et une excellente r\u00e9sistance au ternissement, ce qui le rend parfait pour un usage quotidien. Compar\u00e9 \u00e0 d&#039;autres m\u00e9taux, l&#039;argent sterling est hypoallerg\u00e9nique et doux pour la peau, ce qui en fait un choix id\u00e9al pour les peaux sensibles. Que ce soit pour offrir ou pour se faire plaisir, les bijoux en argent sterling ajoutent une touche de sophistication et d&#039;originalit\u00e9.<\/p>\n<p>&nbsp;<\/p>\n<p>Comment prendre soin des bijoux en argent sterling ?<\/p>\n<p>\u2661 Pour conserver l&#039;\u00e9clat de vos bijoux en argent sterling, \u00e9vitez tout contact avec l&#039;eau, les parfums et les produits chimiques. Rangez-les dans une bo\u00eete \u00e0 bijoux s\u00e8che et scell\u00e9e lorsque vous ne les utilisez pas. Nettoyez-les r\u00e9guli\u00e8rement avec un chiffon doux pour \u00e9liminer le ternissement. S&#039;il s&#039;assombrit avec le temps, utilisez un chiffon de polissage pour argent ou un nettoyant doux pour argent pour lui redonner son \u00e9clat. Avec un entretien appropri\u00e9, vos bijoux en argent sterling resteront \u00e9clatants pendant des ann\u00e9es !<\/p>\n<p>&nbsp;<\/p>\n<p>\u2661Remarque\u00a0: Veuillez faire attention lors du r\u00e9glage des bijoux\u00a0; \u00e9tant donn\u00e9 que les boucles d\u2019oreilles sont en argent sterling, un m\u00e9tal mou, nous devons \u00eatre prudents lors de leur ajustement.<\/p>\n<p>\u2661 Tous les articles sont joliment emball\u00e9s, pr\u00eats \u00e0 \u00eatre offerts dans d&#039;\u00e9l\u00e9gantes bo\u00eetes \u00e0 bijoux. Nos bo\u00eetes \u00e0 bijoux sont r\u00e9utilisables et recyclables \u2661.<\/p>\n<p>&nbsp;<\/p>\n<p>D\u00e9lai de livraison:<\/p>\n<p>\u2661 Ce mod\u00e8le est pr\u00eat \u00e0 \u00eatre exp\u00e9di\u00e9 sous 1 \u00e0 2 jours ouvrables. Vous recevrez g\u00e9n\u00e9ralement votre commande sous 10 jours.<\/p>\n<p>Vous disposez de 30 jours pour effectuer des retours ou des \u00e9changes.<\/p>\n<p>&nbsp;<\/p>\n<p>En savoir plus sur nous :<\/p>\n<p>IG : @crisjoyas_oficial<\/p>\n<p>\u2661 Vous avez des questions ou besoin d&#039;aide\u00a0? N&#039;h\u00e9sitez pas \u00e0 nous contacter. Nous r\u00e9pondons rapidement. Merci beaucoup pour votre visite et nous esp\u00e9rons que vous appr\u00e9cierez votre exp\u00e9rience d&#039;achat\u00a0! \u2661<\/p>","protected":false},"excerpt":{"rendered":"<p>100% en argent sterling, livr\u00e9 avec un \u00e9crin \u00e0 bijoux.<\/p>","protected":false},"featured_media":18117,"comment_status":"open","ping_status":"closed","template":"","meta":{"_themeisle_gutenberg_block_has_review":false},"product_brand":[],"product_cat":[23,48],"product_tag":[],"class_list":{"0":"post-18116","1":"product","2":"type-product","3":"status-publish","4":"has-post-thumbnail","6":"product_cat-collares","7":"product_cat-outlet","9":"first","10":"instock","11":"sale","12":"shipping-taxable","13":"purchasable","14":"product-type-simple"},"_links":{"self":[{"href":"https:\/\/www.crisjoyas.com\/fr\/wp-json\/wp\/v2\/product\/18116","targetHints":{"allow":["GET"]}}],"collection":[{"href":"https:\/\/www.crisjoyas.com\/fr\/wp-json\/wp\/v2\/product"}],"about":[{"href":"https:\/\/www.crisjoyas.com\/fr\/wp-json\/wp\/v2\/types\/product"}],"replies":[{"embeddable":true,"href":"https:\/\/www.crisjoyas.com\/fr\/wp-json\/wp\/v2\/comments?post=18116"}],"version-history":[{"count":1,"href":"https:\/\/www.crisjoyas.com\/fr\/wp-json\/wp\/v2\/product\/18116\/revisions"}],"predecessor-version":[{"id":18126,"href":"https:\/\/www.crisjoyas.com\/fr\/wp-json\/wp\/v2\/product\/18116\/revisions\/18126"}],"wp:featuredmedia":[{"embeddable":true,"href":"https:\/\/www.crisjoyas.com\/fr\/wp-json\/wp\/v2\/media\/18117"}],"wp:attachment":[{"href":"https:\/\/www.crisjoyas.com\/fr\/wp-json\/wp\/v2\/media?parent=18116"}],"wp:term":[{"taxonomy":"product_brand","embeddable":true,"href":"https:\/\/www.crisjoyas.com\/fr\/wp-json\/wp\/v2\/product_brand?post=18116"},{"taxonomy":"product_cat","embeddable":true,"href":"https:\/\/www.crisjoyas.com\/fr\/wp-json\/wp\/v2\/product_cat?post=18116"},{"taxonomy":"product_tag","embeddable":true,"href":"https:\/\/www.crisjoyas.com\/fr\/wp-json\/wp\/v2\/product_tag?post=18116"}],"curies":[{"name":"wp","href":"https:\/\/api.w.org\/{rel}","templated":true}]}}