{"id":2008,"date":"2022-06-06T16:13:42","date_gmt":"2022-06-06T14:13:42","guid":{"rendered":"http:\/\/crisjoyas.com\/?post_type=product&#038;p=2008"},"modified":"2025-05-07T08:59:50","modified_gmt":"2025-05-07T06:59:50","slug":"piercing-oreja-con-zirconia","status":"publish","type":"product","link":"https:\/\/www.crisjoyas.com\/fr\/product\/piercing-oreja-con-zirconia\/","title":{"rendered":"Piercing d&#039;oreille pour femme ou homme Paw 925 avec petites boucles d&#039;oreilles en zircone 2 pi\u00e8ces"},"content":{"rendered":"<p>Le piercing d&#039;oreille pour femme ou homme a un zircon blanc de 6 mm.<\/p>\n<p>Nous vous recommandons de le combiner avec d&#039;autres bijoux pour obtenir un look id\u00e9al.<\/p>\n<p>! Le cure-oreille est fabriqu\u00e9 en argent sterling 925.<\/p>\n<ul>\n<li>MAT\u00c9RIAU : Argent sterling 925<\/li>\n<li>PIERRE : Zircone<\/li>\n<li>DIAMETRE DE LA PIERRE : 6 mm<\/li>\n<li>TYPE DE FERMETURE : \u00c9crou \u00e0 oreilles<\/li>\n<li>TAILLE : 6 mm x 6 mm<\/li>\n<\/ul>\n<p>&nbsp;<\/p>\n<p><strong>Liste des paquets :<\/strong><\/p>\n<p>Piercings d&#039;oreilles* 2<\/p>\n<p>Coffret Crisjoyas * 1<\/p>\n<p>Tissu \u00e0 bijoux * 1<\/p>\n<p>Carte de garantie * 1<\/p>\n<p>&nbsp;<\/p>\n<p><strong>Exp\u00e9dition et retours :<\/strong><\/p>\n<p>Votre commande sera exp\u00e9di\u00e9e dans les 24 heures ouvrables suivant la r\u00e9ception de votre e-mail de confirmation de commande. En r\u00e8gle g\u00e9n\u00e9rale, vous recevrez les produits sous 2 \u00e0 7 jours. Vous disposez de 30 jours pour effectuer des retours ou des \u00e9changes.<\/p>\n<p>&nbsp;<\/p>\n<h3><a href=\"https:\/\/www.crisjoyas.com\/fr\/todo-lo-que-quieres-saber-sobre-piercing-oreja-mujer-esta-aquiexplorando-la-belleza-de-la-moda\/\" target=\"_blank\" rel=\"noopener\"><strong>Questions et r\u00e9ponses sur \u00ab Le per\u00e7age des oreilles chez les femmes \u00bb :<\/strong><\/a><\/h3>\n<p class=\"title entry-title\">Tout ce que vous voulez savoir sur les femmes qui se font percer les oreilles est ici ! \u00c0 la d\u00e9couverte de la beaut\u00e9 de la mode.<\/p>","protected":false},"excerpt":{"rendered":"<p>Livraison gratuite en Espagne \u00e0 partir de 38\u20ac !<\/p>\n<p>Fabriqu\u00e9 en argent sterling 925.<\/p>","protected":false},"featured_media":4062,"comment_status":"open","ping_status":"closed","template":"","meta":{"_themeisle_gutenberg_block_has_review":false},"product_brand":[],"product_cat":[54,55,46,48,92],"product_tag":[94],"class_list":{"0":"post-2008","1":"product","2":"type-product","3":"status-publish","4":"has-post-thumbnail","6":"product_cat-colecciones","7":"product_cat-cristales","8":"product_cat-novedades","9":"product_cat-outlet","10":"product_cat-piercings","11":"product_tag-piercing-oreja","12":"product_shipping_class-envio-estandarlos-pedidos-seran-recibidos-antes-del-3-dias","14":"first","15":"instock","16":"sale","17":"shipping-taxable","18":"purchasable","19":"product-type-variable"},"_links":{"self":[{"href":"https:\/\/www.crisjoyas.com\/fr\/wp-json\/wp\/v2\/product\/2008","targetHints":{"allow":["GET"]}}],"collection":[{"href":"https:\/\/www.crisjoyas.com\/fr\/wp-json\/wp\/v2\/product"}],"about":[{"href":"https:\/\/www.crisjoyas.com\/fr\/wp-json\/wp\/v2\/types\/product"}],"replies":[{"embeddable":true,"href":"https:\/\/www.crisjoyas.com\/fr\/wp-json\/wp\/v2\/comments?post=2008"}],"version-history":[{"count":9,"href":"https:\/\/www.crisjoyas.com\/fr\/wp-json\/wp\/v2\/product\/2008\/revisions"}],"predecessor-version":[{"id":16678,"href":"https:\/\/www.crisjoyas.com\/fr\/wp-json\/wp\/v2\/product\/2008\/revisions\/16678"}],"wp:featuredmedia":[{"embeddable":true,"href":"https:\/\/www.crisjoyas.com\/fr\/wp-json\/wp\/v2\/media\/4062"}],"wp:attachment":[{"href":"https:\/\/www.crisjoyas.com\/fr\/wp-json\/wp\/v2\/media?parent=2008"}],"wp:term":[{"taxonomy":"product_brand","embeddable":true,"href":"https:\/\/www.crisjoyas.com\/fr\/wp-json\/wp\/v2\/product_brand?post=2008"},{"taxonomy":"product_cat","embeddable":true,"href":"https:\/\/www.crisjoyas.com\/fr\/wp-json\/wp\/v2\/product_cat?post=2008"},{"taxonomy":"product_tag","embeddable":true,"href":"https:\/\/www.crisjoyas.com\/fr\/wp-json\/wp\/v2\/product_tag?post=2008"}],"curies":[{"name":"wp","href":"https:\/\/api.w.org\/{rel}","templated":true}]}}