{"id":2019,"date":"2022-06-06T16:24:12","date_gmt":"2022-06-06T14:24:12","guid":{"rendered":"http:\/\/crisjoyas.com\/?post_type=product&#038;p=2019"},"modified":"2025-05-07T08:59:49","modified_gmt":"2025-05-07T06:59:49","slug":"piercing-mini-flor","status":"publish","type":"product","link":"https:\/\/www.crisjoyas.com\/fr\/product\/piercing-mini-flor\/","title":{"rendered":"Piercing d&#039;oreille mini fleur en argent 925"},"content":{"rendered":"<p>Le mini piercing fleur pr\u00e9sente une fleur de 4 mm et des zircones incrust\u00e9es. Le piercing d&#039;oreille a une fermeture papillon.<\/p>\n<p>Nous vous recommandons de le combiner avec d\u2019autres bijoux pour obtenir un look id\u00e9al !<\/p>\n<p>La boucle d&#039;oreille est en argent sterling 925 et la version or a un placage en or 18 carats.<\/p>\n<ul>\n<li>MAT\u00c9RIAU : Argent sterling 925<\/li>\n<li>FINITION : Plaqu\u00e9 or 18 carats<\/li>\n<li>PIERRE : Zircone<\/li>\n<li>TYPE DE FERMETURE : \u00c9crou \u00e0 oreilles<\/li>\n<li>TAILLE : 4 mm * 4 mm<\/li>\n<\/ul>\n<p>&nbsp;<\/p>\n<p><strong>Liste des paquets :<\/strong><\/p>\n<p>Piercings * 2<\/p>\n<p>Coffret Crisjoyas * 1<\/p>\n<p>Tissu \u00e0 bijoux * 1<\/p>\n<p>Carte de garantie * 1<\/p>\n<p>&nbsp;<\/p>\n<p><strong>Exp\u00e9dition et retours :<\/strong><\/p>\n<p>Votre commande sera exp\u00e9di\u00e9e dans les 24 heures ouvrables suivant la r\u00e9ception de votre e-mail de confirmation de commande. En r\u00e8gle g\u00e9n\u00e9rale, vous recevrez les produits dans un d\u00e9lai de 2 \u00e0 15 jours. Vous disposez de 30 jours pour effectuer des retours ou des \u00e9changes.<\/p>","protected":false},"excerpt":{"rendered":"<p>100% Fabriqu\u00e9 en argent sterling 925.<\/p>","protected":false},"featured_media":2022,"comment_status":"open","ping_status":"closed","template":"","meta":{"_themeisle_gutenberg_block_has_review":false},"product_brand":[],"product_cat":[54,55,46,92],"product_tag":[94],"class_list":{"0":"post-2019","1":"product","2":"type-product","3":"status-publish","4":"has-post-thumbnail","6":"product_cat-colecciones","7":"product_cat-cristales","8":"product_cat-novedades","9":"product_cat-piercings","10":"product_tag-piercing-oreja","11":"product_shipping_class-envio-estandarlos-pedidos-seran-recibidos-antes-del-3-dias","13":"first","14":"instock","15":"sale","16":"shipping-taxable","17":"purchasable","18":"product-type-variable"},"_links":{"self":[{"href":"https:\/\/www.crisjoyas.com\/fr\/wp-json\/wp\/v2\/product\/2019","targetHints":{"allow":["GET"]}}],"collection":[{"href":"https:\/\/www.crisjoyas.com\/fr\/wp-json\/wp\/v2\/product"}],"about":[{"href":"https:\/\/www.crisjoyas.com\/fr\/wp-json\/wp\/v2\/types\/product"}],"replies":[{"embeddable":true,"href":"https:\/\/www.crisjoyas.com\/fr\/wp-json\/wp\/v2\/comments?post=2019"}],"version-history":[{"count":5,"href":"https:\/\/www.crisjoyas.com\/fr\/wp-json\/wp\/v2\/product\/2019\/revisions"}],"predecessor-version":[{"id":16682,"href":"https:\/\/www.crisjoyas.com\/fr\/wp-json\/wp\/v2\/product\/2019\/revisions\/16682"}],"wp:featuredmedia":[{"embeddable":true,"href":"https:\/\/www.crisjoyas.com\/fr\/wp-json\/wp\/v2\/media\/2022"}],"wp:attachment":[{"href":"https:\/\/www.crisjoyas.com\/fr\/wp-json\/wp\/v2\/media?parent=2019"}],"wp:term":[{"taxonomy":"product_brand","embeddable":true,"href":"https:\/\/www.crisjoyas.com\/fr\/wp-json\/wp\/v2\/product_brand?post=2019"},{"taxonomy":"product_cat","embeddable":true,"href":"https:\/\/www.crisjoyas.com\/fr\/wp-json\/wp\/v2\/product_cat?post=2019"},{"taxonomy":"product_tag","embeddable":true,"href":"https:\/\/www.crisjoyas.com\/fr\/wp-json\/wp\/v2\/product_tag?post=2019"}],"curies":[{"name":"wp","href":"https:\/\/api.w.org\/{rel}","templated":true}]}}