{"id":2032,"date":"2022-06-07T11:02:53","date_gmt":"2022-06-07T09:02:53","guid":{"rendered":"http:\/\/crisjoyas.com\/?post_type=product&#038;p=2032"},"modified":"2026-03-05T16:31:15","modified_gmt":"2026-03-05T15:31:15","slug":"piercing-oreja-mariposa","status":"publish","type":"product","link":"https:\/\/www.crisjoyas.com\/fr\/product\/piercing-oreja-mariposa\/","title":{"rendered":"Piercing d&#039;oreille papillon en argent sterling 925 avec zircone pour femme 2 pi\u00e8ces"},"content":{"rendered":"<p>Le piercing papillon poss\u00e8de quatre zircones blanches en forme de papillon. Le piercing a une fermeture \u00e0 vis \u00e0 l&#039;avant et un dos plat.<\/p>\n<p>Nous vous recommandons de le combiner avec d&#039;autres piercings de la collection pour obtenir un look id\u00e9al !<\/p>\n<p>Le piercing d&#039;oreille est en argent sterling 925 et la version or a un placage en or 18 carats.<\/p>\n<p>Si vous avez des questions, n&#039;h\u00e9sitez pas \u00e0 nous contacter !<\/p>\n<p>D\u00e9couvrez-en plus sur Piercings.<\/p>\n<ul>\n<li>MAT\u00c9RIAU : Argent sterling 925<\/li>\n<li>FINITION : Plaqu\u00e9 or 18 carats<\/li>\n<li>PIERRE : Zircone<\/li>\n<li>TYPE DE FERMETURE : \u00c9crou \u00e0 oreilles<\/li>\n<li>TAILLE : 7 mm x 5 mm<\/li>\n<\/ul>\n<p>&nbsp;<\/p>\n<p><strong>Liste des paquets :<\/strong><\/p>\n<p>Per\u00e7age des oreilles* 2<\/p>\n<p>Coffret Crisjoyas * 1<\/p>\n<p>Carte de garantie * 1<\/p>\n<p>&nbsp;<\/p>\n<p><strong>Exp\u00e9dition et retours :<\/strong><\/p>\n<p>Votre commande sera exp\u00e9di\u00e9e dans les 24 heures ouvrables suivant la r\u00e9ception de votre e-mail de confirmation de commande. En r\u00e8gle g\u00e9n\u00e9rale, vous recevrez les produits sous 1 \u00e0 3 jours. Vous disposez de 30 jours pour effectuer des retours ou des \u00e9changes.<\/p>\n<p>&nbsp;<\/p>\n<h3><a href=\"https:\/\/www.crisjoyas.com\/fr\/todo-lo-que-quieres-saber-sobre-piercing-oreja-mujer-esta-aquiexplorando-la-belleza-de-la-moda\/\" target=\"_blank\" rel=\"noopener\">Questions et r\u00e9ponses sur \u00ab Le per\u00e7age des oreilles chez les femmes \u00bb :<\/a><\/h3>\n<p class=\"title entry-title\">Tout ce que vous voulez savoir sur la \u00ab femme qui se fait percer les oreilles \u00bb est ici ! \u00c0 la d\u00e9couverte de la beaut\u00e9 de la mode<\/p>","protected":false},"excerpt":{"rendered":"<p>100% Fabriqu\u00e9 en argent sterling 925.<\/p>","protected":false},"featured_media":4691,"comment_status":"open","ping_status":"closed","template":"","meta":{"_themeisle_gutenberg_block_has_review":false},"product_brand":[],"product_cat":[54,55,65,48,92],"product_tag":[94,185,184],"class_list":{"0":"post-2032","1":"product","2":"type-product","3":"status-publish","4":"has-post-thumbnail","6":"product_cat-colecciones","7":"product_cat-cristales","8":"product_cat-mariposa","9":"product_cat-outlet","10":"product_cat-piercings","11":"product_tag-piercing-oreja","12":"product_tag-piercing-oreja-mariposa","13":"product_tag-piercing-oreja-mujer","14":"product_shipping_class-envio-estandarlos-pedidos-seran-recibidos-antes-del-3-dias","16":"first","17":"instock","18":"sale","19":"shipping-taxable","20":"purchasable","21":"product-type-variable"},"_links":{"self":[{"href":"https:\/\/www.crisjoyas.com\/fr\/wp-json\/wp\/v2\/product\/2032","targetHints":{"allow":["GET"]}}],"collection":[{"href":"https:\/\/www.crisjoyas.com\/fr\/wp-json\/wp\/v2\/product"}],"about":[{"href":"https:\/\/www.crisjoyas.com\/fr\/wp-json\/wp\/v2\/types\/product"}],"replies":[{"embeddable":true,"href":"https:\/\/www.crisjoyas.com\/fr\/wp-json\/wp\/v2\/comments?post=2032"}],"version-history":[{"count":7,"href":"https:\/\/www.crisjoyas.com\/fr\/wp-json\/wp\/v2\/product\/2032\/revisions"}],"predecessor-version":[{"id":18214,"href":"https:\/\/www.crisjoyas.com\/fr\/wp-json\/wp\/v2\/product\/2032\/revisions\/18214"}],"wp:featuredmedia":[{"embeddable":true,"href":"https:\/\/www.crisjoyas.com\/fr\/wp-json\/wp\/v2\/media\/4691"}],"wp:attachment":[{"href":"https:\/\/www.crisjoyas.com\/fr\/wp-json\/wp\/v2\/media?parent=2032"}],"wp:term":[{"taxonomy":"product_brand","embeddable":true,"href":"https:\/\/www.crisjoyas.com\/fr\/wp-json\/wp\/v2\/product_brand?post=2032"},{"taxonomy":"product_cat","embeddable":true,"href":"https:\/\/www.crisjoyas.com\/fr\/wp-json\/wp\/v2\/product_cat?post=2032"},{"taxonomy":"product_tag","embeddable":true,"href":"https:\/\/www.crisjoyas.com\/fr\/wp-json\/wp\/v2\/product_tag?post=2032"}],"curies":[{"name":"wp","href":"https:\/\/api.w.org\/{rel}","templated":true}]}}