{"id":2293,"date":"2022-06-20T16:13:29","date_gmt":"2022-06-20T14:13:29","guid":{"rendered":"http:\/\/crisjoyas.com\/?post_type=product&#038;p=2293"},"modified":"2024-11-21T10:56:34","modified_gmt":"2024-11-21T09:56:34","slug":"piercing-basic-hoop","status":"publish","type":"product","link":"https:\/\/www.crisjoyas.com\/fr\/product\/piercing-basic-hoop\/","title":{"rendered":"Piercing d&#039;oreille cr\u00e9ole en argent plaqu\u00e9 or 18 carats 10 mm"},"content":{"rendered":"<p>Le piercing Basic Hoop est un petit anneau d&#039;un diam\u00e8tre ext\u00e9rieur de 10 mm.<\/p>\n<p>Puisqu&#039;il s&#039;agit d&#039;une boucle d&#039;oreille \u00e9troite (8 mm de diam\u00e8tre interne), nous vous recommandons de mesurer la zone de l&#039;oreille o\u00f9 elle ira ou de comparer les mesures avec une boucle d&#039;oreille que vous portez d\u00e9j\u00e0.<\/p>\n<p>La boucle d&#039;oreille est en argent sterling 925 et la version or a un placage en or 18 carats.<\/p>\n<p>Si vous avez des questions, n&#039;h\u00e9sitez pas \u00e0 nous contacter !<\/p>\n<p>D\u00e9couvrez-en plus sur Piercings.<\/p>\n<ul>\n<li>MAT\u00c9RIAU : Argent sterling 925<\/li>\n<li>FINITION : Plaqu\u00e9 or 18 carats<\/li>\n<li>TYPE DE FERMETURE : Cliquez<\/li>\n<li>TAILLE : 10 mm * 10 mm<\/li>\n<\/ul>\n<p>&nbsp;<\/p>\n<p><strong>Liste des paquets :<\/strong><\/p>\n<p>Per\u00e7age des oreilles * 2<\/p>\n<p>Coffret Crisjoyas * 1<\/p>\n<p>Tissu \u00e0 bijoux * 1<\/p>\n<p>Carte de garantie * 1<\/p>\n<p>&nbsp;<\/p>\n<p><strong>Exp\u00e9dition et retours :<\/strong><\/p>\n<p>Votre commande sera exp\u00e9di\u00e9e dans les 24 heures ouvrables suivant la r\u00e9ception de votre e-mail de confirmation de commande. En r\u00e8gle g\u00e9n\u00e9rale, vous recevrez les produits dans un d\u00e9lai de 2 \u00e0 15 jours. Vous disposez de 30 jours pour effectuer des retours ou des \u00e9changes.<\/p>","protected":false},"excerpt":{"rendered":"<p>100% Fabriqu\u00e9 en argent sterling 925.<\/p>","protected":false},"featured_media":2300,"comment_status":"open","ping_status":"closed","template":"","meta":{"_themeisle_gutenberg_block_has_review":false},"product_brand":[],"product_cat":[57,54,46,92],"product_tag":[94],"class_list":{"0":"post-2293","1":"product","2":"type-product","3":"status-publish","4":"has-post-thumbnail","6":"product_cat-basicos","7":"product_cat-colecciones","8":"product_cat-novedades","9":"product_cat-piercings","10":"product_tag-piercing-oreja","11":"product_shipping_class-envio-estandarlos-pedidos-seran-recibidos-antes-del-3-dias","13":"first","14":"instock","15":"sale","16":"shipping-taxable","17":"purchasable","18":"product-type-variable"},"_links":{"self":[{"href":"https:\/\/www.crisjoyas.com\/fr\/wp-json\/wp\/v2\/product\/2293","targetHints":{"allow":["GET"]}}],"collection":[{"href":"https:\/\/www.crisjoyas.com\/fr\/wp-json\/wp\/v2\/product"}],"about":[{"href":"https:\/\/www.crisjoyas.com\/fr\/wp-json\/wp\/v2\/types\/product"}],"replies":[{"embeddable":true,"href":"https:\/\/www.crisjoyas.com\/fr\/wp-json\/wp\/v2\/comments?post=2293"}],"version-history":[{"count":5,"href":"https:\/\/www.crisjoyas.com\/fr\/wp-json\/wp\/v2\/product\/2293\/revisions"}],"predecessor-version":[{"id":16697,"href":"https:\/\/www.crisjoyas.com\/fr\/wp-json\/wp\/v2\/product\/2293\/revisions\/16697"}],"wp:featuredmedia":[{"embeddable":true,"href":"https:\/\/www.crisjoyas.com\/fr\/wp-json\/wp\/v2\/media\/2300"}],"wp:attachment":[{"href":"https:\/\/www.crisjoyas.com\/fr\/wp-json\/wp\/v2\/media?parent=2293"}],"wp:term":[{"taxonomy":"product_brand","embeddable":true,"href":"https:\/\/www.crisjoyas.com\/fr\/wp-json\/wp\/v2\/product_brand?post=2293"},{"taxonomy":"product_cat","embeddable":true,"href":"https:\/\/www.crisjoyas.com\/fr\/wp-json\/wp\/v2\/product_cat?post=2293"},{"taxonomy":"product_tag","embeddable":true,"href":"https:\/\/www.crisjoyas.com\/fr\/wp-json\/wp\/v2\/product_tag?post=2293"}],"curies":[{"name":"wp","href":"https:\/\/api.w.org\/{rel}","templated":true}]}}