{"id":4164,"date":"2023-05-18T12:53:57","date_gmt":"2023-05-18T10:53:57","guid":{"rendered":"http:\/\/crisjoyas.com\/?post_type=product&#038;p=4164"},"modified":"2024-11-21T11:51:22","modified_gmt":"2024-11-21T10:51:22","slug":"collar-perla-de-plata-925-con-colgante-corazon","status":"publish","type":"product","link":"https:\/\/www.crisjoyas.com\/fr\/product\/collar-perla-de-plata-925-con-colgante-corazon\/","title":{"rendered":"Collier de perles en argent 925 avec pendentif en forme de c\u0153ur"},"content":{"rendered":"<p>Le collier de perles en forme de c\u0153ur mesure 38 cm plus 5,5 cm de cha\u00eene r\u00e9glable, au milieu de la cha\u00eene il y a un pendentif en forme de c\u0153ur, le pendentif est amovible.<\/p>\n<p>Le collier est en argent sterling 925.<\/p>\n<p>Si vous avez des questions, n&#039;h\u00e9sitez pas \u00e0 nous contacter.<\/p>\n<p>Nous serons heureux de vous aider !<\/p>\n<p>D\u00e9couvrez-en plus dans Colliers.<\/p>\n<ul>\n<li>MAT\u00c9RIAU : Argent sterling 925<\/li>\n<li>PIERRE : Perle<\/li>\n<li>DIAM\u00c8TRE DE LA PIERRE : 3 mm<\/li>\n<li>TAILLE DU PENDENTIF : 6 mm x 10 mm<\/li>\n<li>MESURE DE LA CHA\u00ceNE : Cha\u00eene r\u00e9glable de 38 cm + 5,5 cm, mesures totales 43,5 cm<\/li>\n<\/ul>\n<p>&nbsp;<\/p>\n<p><strong>Liste des paquets :<\/strong><\/p>\n<p>Collier * 1<\/p>\n<p>Coffret Crisjoyas * 1<\/p>\n<p>Tissu \u00e0 bijoux * 1<\/p>\n<p>Carte de garantie * 1<\/p>\n<p>&nbsp;<\/p>\n<p><strong>Exp\u00e9dition et retours :<\/strong><\/p>\n<p>Votre commande sera exp\u00e9di\u00e9e dans les 24 heures ouvrables suivant la r\u00e9ception de votre e-mail de confirmation de commande. En r\u00e8gle g\u00e9n\u00e9rale, vous recevrez les produits dans un d\u00e9lai de 2 \u00e0 15 jours. Vous disposez de 30 jours pour effectuer des retours ou des \u00e9changes.<\/p>","protected":false},"excerpt":{"rendered":"<p>100% Fabriqu\u00e9 en argent sterling 925<\/p>","protected":false},"featured_media":4152,"comment_status":"open","ping_status":"closed","template":"","meta":{"_themeisle_gutenberg_block_has_review":false},"product_brand":[],"product_cat":[54,23,46,56],"product_tag":[109,66],"class_list":{"0":"post-4164","1":"product","2":"type-product","3":"status-publish","4":"has-post-thumbnail","6":"product_cat-colecciones","7":"product_cat-collares","8":"product_cat-novedades","9":"product_cat-perlas","10":"product_tag-collar","11":"product_tag-corazon","12":"product_shipping_class-envio-estandarlos-pedidos-seran-recibidos-antes-del-3-dias","14":"first","15":"instock","16":"sale","17":"shipping-taxable","18":"purchasable","19":"product-type-simple"},"_links":{"self":[{"href":"https:\/\/www.crisjoyas.com\/fr\/wp-json\/wp\/v2\/product\/4164","targetHints":{"allow":["GET"]}}],"collection":[{"href":"https:\/\/www.crisjoyas.com\/fr\/wp-json\/wp\/v2\/product"}],"about":[{"href":"https:\/\/www.crisjoyas.com\/fr\/wp-json\/wp\/v2\/types\/product"}],"replies":[{"embeddable":true,"href":"https:\/\/www.crisjoyas.com\/fr\/wp-json\/wp\/v2\/comments?post=4164"}],"version-history":[{"count":3,"href":"https:\/\/www.crisjoyas.com\/fr\/wp-json\/wp\/v2\/product\/4164\/revisions"}],"predecessor-version":[{"id":16824,"href":"https:\/\/www.crisjoyas.com\/fr\/wp-json\/wp\/v2\/product\/4164\/revisions\/16824"}],"wp:featuredmedia":[{"embeddable":true,"href":"https:\/\/www.crisjoyas.com\/fr\/wp-json\/wp\/v2\/media\/4152"}],"wp:attachment":[{"href":"https:\/\/www.crisjoyas.com\/fr\/wp-json\/wp\/v2\/media?parent=4164"}],"wp:term":[{"taxonomy":"product_brand","embeddable":true,"href":"https:\/\/www.crisjoyas.com\/fr\/wp-json\/wp\/v2\/product_brand?post=4164"},{"taxonomy":"product_cat","embeddable":true,"href":"https:\/\/www.crisjoyas.com\/fr\/wp-json\/wp\/v2\/product_cat?post=4164"},{"taxonomy":"product_tag","embeddable":true,"href":"https:\/\/www.crisjoyas.com\/fr\/wp-json\/wp\/v2\/product_tag?post=4164"}],"curies":[{"name":"wp","href":"https:\/\/api.w.org\/{rel}","templated":true}]}}