{"id":4329,"date":"2023-05-31T17:42:43","date_gmt":"2023-05-31T15:42:43","guid":{"rendered":"http:\/\/crisjoyas.com\/?post_type=product&#038;p=4329"},"modified":"2026-03-05T16:37:12","modified_gmt":"2026-03-05T15:37:12","slug":"piercing-tragus-en-oreja-de-plata-bola","status":"publish","type":"product","link":"https:\/\/www.crisjoyas.com\/fr\/product\/piercing-tragus-en-oreja-de-plata-bola\/","title":{"rendered":"Piercing d&#039;oreille tragus en argent 925 avec boule"},"content":{"rendered":"<p>Le piercing d&#039;oreille est une mini boucle d&#039;oreille en forme de boule et il existe trois tailles au choix.<\/p>\n<p>Nous vous recommandons de le combiner avec d\u2019autres bijoux pour obtenir un look id\u00e9al !<\/p>\n<p>Le piercing d&#039;oreille est en argent sterling 990.<\/p>\n<p>Si vous avez des questions, n&#039;h\u00e9sitez pas \u00e0 nous contacter !<\/p>\n<p>Pour en savoir plus, rendez-vous sur <a href=\"https:\/\/www.crisjoyas.com\/fr\/product-category\/piercings\/\">Piercings<\/a> .<\/p>\n<ul>\n<li>MAT\u00c9RIAU : Argent sterling 990<\/li>\n<li>TYPE DE FERMETURE : \u00c9crou \u00e0 oreilles<\/li>\n<li>TAILLE : 2,5 mm\/3 mm\/4 mm\/5 mm<\/li>\n<\/ul>\n<p>&nbsp;<\/p>\n<p><strong>Liste des paquets :<\/strong><\/p>\n<p>Per\u00e7age d&#039;oreille * 2<\/p>\n<p>Coffret Crisjoyas * 1<\/p>\n<p>Tissu \u00e0 bijoux * 1<\/p>\n<p>Carte de garantie * 1<\/p>\n<p>&nbsp;<\/p>\n<p><strong>Exp\u00e9dition et retours :<\/strong><\/p>\n<p>Votre commande sera exp\u00e9di\u00e9e dans les 24 heures ouvrables suivant la r\u00e9ception de votre e-mail de confirmation de commande. En r\u00e8gle g\u00e9n\u00e9rale, vous recevrez les produits dans un d\u00e9lai de 2 \u00e0 15 jours. Vous disposez de 30 jours pour effectuer des retours ou des \u00e9changes.<\/p>","protected":false},"excerpt":{"rendered":"<p>100% Fabriqu\u00e9 en argent sterling 925.<\/p>","protected":false},"featured_media":16388,"comment_status":"open","ping_status":"closed","template":"","meta":{"_themeisle_gutenberg_block_has_review":false},"product_brand":[],"product_cat":[57,54,46,92],"product_tag":[94,169],"class_list":{"0":"post-4329","1":"product","2":"type-product","3":"status-publish","4":"has-post-thumbnail","6":"product_cat-basicos","7":"product_cat-colecciones","8":"product_cat-novedades","9":"product_cat-piercings","10":"product_tag-piercing-oreja","11":"product_tag-tragus","13":"first","14":"instock","15":"sale","16":"shipping-taxable","17":"purchasable","18":"product-type-variable"},"_links":{"self":[{"href":"https:\/\/www.crisjoyas.com\/fr\/wp-json\/wp\/v2\/product\/4329","targetHints":{"allow":["GET"]}}],"collection":[{"href":"https:\/\/www.crisjoyas.com\/fr\/wp-json\/wp\/v2\/product"}],"about":[{"href":"https:\/\/www.crisjoyas.com\/fr\/wp-json\/wp\/v2\/types\/product"}],"replies":[{"embeddable":true,"href":"https:\/\/www.crisjoyas.com\/fr\/wp-json\/wp\/v2\/comments?post=4329"}],"version-history":[{"count":5,"href":"https:\/\/www.crisjoyas.com\/fr\/wp-json\/wp\/v2\/product\/4329\/revisions"}],"predecessor-version":[{"id":16714,"href":"https:\/\/www.crisjoyas.com\/fr\/wp-json\/wp\/v2\/product\/4329\/revisions\/16714"}],"wp:featuredmedia":[{"embeddable":true,"href":"https:\/\/www.crisjoyas.com\/fr\/wp-json\/wp\/v2\/media\/16388"}],"wp:attachment":[{"href":"https:\/\/www.crisjoyas.com\/fr\/wp-json\/wp\/v2\/media?parent=4329"}],"wp:term":[{"taxonomy":"product_brand","embeddable":true,"href":"https:\/\/www.crisjoyas.com\/fr\/wp-json\/wp\/v2\/product_brand?post=4329"},{"taxonomy":"product_cat","embeddable":true,"href":"https:\/\/www.crisjoyas.com\/fr\/wp-json\/wp\/v2\/product_cat?post=4329"},{"taxonomy":"product_tag","embeddable":true,"href":"https:\/\/www.crisjoyas.com\/fr\/wp-json\/wp\/v2\/product_tag?post=4329"}],"curies":[{"name":"wp","href":"https:\/\/api.w.org\/{rel}","templated":true}]}}