{"id":4520,"date":"2023-10-09T13:01:47","date_gmt":"2023-10-09T11:01:47","guid":{"rendered":"http:\/\/crisjoyas.com\/?post_type=product&#038;p=4520"},"modified":"2024-03-04T12:43:18","modified_gmt":"2024-03-04T11:43:18","slug":"collar-de-eslabones-de-plata-de-ley","status":"publish","type":"product","link":"https:\/\/www.crisjoyas.com\/fr\/product\/collar-de-eslabones-de-plata-de-ley\/","title":{"rendered":"Collier \u00e0 maillons en argent sterling 925"},"content":{"rendered":"<p>Collier \u00e0 maillons en argent sterling de 40 + 6 cm de long, design confortable et facile \u00e0 porter.<\/p>\n<p>Si vous avez des questions, n&#039;h\u00e9sitez pas \u00e0 nous contacter.<\/p>\n<p>Nous serons heureux de vous aider !<\/p>\n<p>D\u00e9couvrez-en plus dans Colliers.<\/p>\n<ul>\n<li>MAT\u00c9RIAU : Argent sterling 925<\/li>\n<li>TAILLE DU PENDENTIF : 8 mm x 6 mm<\/li>\n<li>MESURE DE LA CHA\u00ceNE : Cha\u00eene r\u00e9glable de 40 cm + 6 cm, au total elle mesure 46 cm<\/li>\n<\/ul>\n<p>&nbsp;<\/p>\n<p><strong>Liste des paquets :<\/strong><\/p>\n<p>Collier * 1<\/p>\n<p>Coffret Crisjoyas * 1<\/p>\n<p>Tissu \u00e0 bijoux * 1<\/p>\n<p>Carte de garantie * 1<\/p>\n<p>&nbsp;<\/p>\n<p><strong>Exp\u00e9dition et retours :<\/strong><\/p>\n<p>Votre commande sera exp\u00e9di\u00e9e dans les 24 heures ouvrables suivant la r\u00e9ception de votre e-mail de confirmation de commande. En r\u00e8gle g\u00e9n\u00e9rale, vous recevrez les produits dans un d\u00e9lai de 2 \u00e0 15 jours. Vous disposez de 30 jours pour effectuer des retours ou des \u00e9changes.<\/p>","protected":false},"excerpt":{"rendered":"<p>Pr\u00e9commandes de produits, exp\u00e9dition sous 15 jours<\/p>\n<p>Livraison gratuite en Espagne !<\/p>","protected":false},"featured_media":4522,"comment_status":"open","ping_status":"closed","template":"","meta":{"_themeisle_gutenberg_block_has_review":false},"product_brand":[],"product_cat":[57,54,23,46],"product_tag":[109,177],"class_list":{"0":"post-4520","1":"product","2":"type-product","3":"status-publish","4":"has-post-thumbnail","6":"product_cat-basicos","7":"product_cat-colecciones","8":"product_cat-collares","9":"product_cat-novedades","10":"product_tag-collar","11":"product_tag-t","12":"product_shipping_class-envio-gratis","14":"first","15":"instock","16":"sale","17":"shipping-taxable","18":"purchasable","19":"product-type-simple"},"_links":{"self":[{"href":"https:\/\/www.crisjoyas.com\/fr\/wp-json\/wp\/v2\/product\/4520","targetHints":{"allow":["GET"]}}],"collection":[{"href":"https:\/\/www.crisjoyas.com\/fr\/wp-json\/wp\/v2\/product"}],"about":[{"href":"https:\/\/www.crisjoyas.com\/fr\/wp-json\/wp\/v2\/types\/product"}],"replies":[{"embeddable":true,"href":"https:\/\/www.crisjoyas.com\/fr\/wp-json\/wp\/v2\/comments?post=4520"}],"version-history":[{"count":2,"href":"https:\/\/www.crisjoyas.com\/fr\/wp-json\/wp\/v2\/product\/4520\/revisions"}],"predecessor-version":[{"id":16193,"href":"https:\/\/www.crisjoyas.com\/fr\/wp-json\/wp\/v2\/product\/4520\/revisions\/16193"}],"wp:featuredmedia":[{"embeddable":true,"href":"https:\/\/www.crisjoyas.com\/fr\/wp-json\/wp\/v2\/media\/4522"}],"wp:attachment":[{"href":"https:\/\/www.crisjoyas.com\/fr\/wp-json\/wp\/v2\/media?parent=4520"}],"wp:term":[{"taxonomy":"product_brand","embeddable":true,"href":"https:\/\/www.crisjoyas.com\/fr\/wp-json\/wp\/v2\/product_brand?post=4520"},{"taxonomy":"product_cat","embeddable":true,"href":"https:\/\/www.crisjoyas.com\/fr\/wp-json\/wp\/v2\/product_cat?post=4520"},{"taxonomy":"product_tag","embeddable":true,"href":"https:\/\/www.crisjoyas.com\/fr\/wp-json\/wp\/v2\/product_tag?post=4520"}],"curies":[{"name":"wp","href":"https:\/\/api.w.org\/{rel}","templated":true}]}}