{"id":559,"date":"2022-05-05T17:38:12","date_gmt":"2022-05-05T15:38:12","guid":{"rendered":"http:\/\/crisjoyas.com\/?post_type=product&#038;p=559"},"modified":"2026-03-05T16:30:26","modified_gmt":"2026-03-05T15:30:26","slug":"pendientes-pequenos-de-mariposas","status":"publish","type":"product","link":"https:\/\/www.crisjoyas.com\/fr\/product\/pendientes-pequenos-de-mariposas\/","title":{"rendered":"Boucles d&#039;oreilles papillon en argent pour femme Piercing d&#039;oreille en argent"},"content":{"rendered":"<p>Petites boucles d&#039;oreilles papillon, mignonnes et d\u00e9licates, adapt\u00e9es \u00e0 un usage quotidien, \u00e9galement adapt\u00e9es \u00e0 un usage avec d&#039;autres boucles d&#039;oreilles dans notre magasin.<\/p>\n<p>Nous vous recommandons de le combiner avec d\u2019autres bijoux pour obtenir un look id\u00e9al !<\/p>\n<p>La boucle d&#039;oreille est en argent sterling 925 et la version or a un placage en or 18 carats.<\/p>\n<p>Si vous avez des questions, n&#039;h\u00e9sitez pas \u00e0 nous contacter !<\/p>\n<p>D\u00e9couvrez-en plus dans Boucles d&#039;oreilles.<\/p>\n<ul>\n<li>MAT\u00c9RIAU : Argent sterling 925<\/li>\n<li>FINITION : Plaqu\u00e9 or 18 carats<\/li>\n<li>PIERRE : Cristal<\/li>\n<li>DIAM\u00c8TRE DE LA PIERRE : 2-5 mm<\/li>\n<li>TYPE DE FERMETURE : \u00c9crou \u00e0 oreilles<\/li>\n<li>TAILLE DU PAPILLON : 7 mm x 5 mm<\/li>\n<\/ul>\n<p>&nbsp;<\/p>\n<p><strong>Liste des paquets :<\/strong><\/p>\n<p>Boucles d&#039;oreilles * 2<\/p>\n<p>Coffret Crisjoyas * 1<\/p>\n<p>Tissu \u00e0 bijoux * 1<\/p>\n<p>Carte de garantie * 1<\/p>\n<p>&nbsp;<\/p>\n<p><strong>Exp\u00e9dition et retours :<\/strong><\/p>\n<p>Votre commande sera exp\u00e9di\u00e9e dans les 24 heures ouvrables suivant la r\u00e9ception de votre e-mail de confirmation de commande. En r\u00e8gle g\u00e9n\u00e9rale, vous recevrez les produits dans un d\u00e9lai de 2 \u00e0 15 jours. Vous disposez de 30 jours pour effectuer des retours ou des \u00e9changes.<\/p>","protected":false},"excerpt":{"rendered":"<p>100% Fabriqu\u00e9 en argent sterling 925<\/p>","protected":false},"featured_media":4049,"comment_status":"open","ping_status":"closed","template":"","meta":{"_themeisle_gutenberg_block_has_review":false},"product_brand":[],"product_cat":[54,55,65,46,48,190],"product_tag":[40],"class_list":{"0":"post-559","1":"product","2":"type-product","3":"status-publish","4":"has-post-thumbnail","6":"product_cat-colecciones","7":"product_cat-cristales","8":"product_cat-mariposa","9":"product_cat-novedades","10":"product_cat-outlet","11":"product_cat-pendientes","12":"product_tag-mariposa","13":"product_shipping_class-envio-estandarlos-pedidos-seran-recibidos-antes-del-3-dias","15":"first","16":"instock","17":"sale","18":"shipping-taxable","19":"purchasable","20":"product-type-variable"},"_links":{"self":[{"href":"https:\/\/www.crisjoyas.com\/fr\/wp-json\/wp\/v2\/product\/559","targetHints":{"allow":["GET"]}}],"collection":[{"href":"https:\/\/www.crisjoyas.com\/fr\/wp-json\/wp\/v2\/product"}],"about":[{"href":"https:\/\/www.crisjoyas.com\/fr\/wp-json\/wp\/v2\/types\/product"}],"replies":[{"embeddable":true,"href":"https:\/\/www.crisjoyas.com\/fr\/wp-json\/wp\/v2\/comments?post=559"}],"version-history":[{"count":7,"href":"https:\/\/www.crisjoyas.com\/fr\/wp-json\/wp\/v2\/product\/559\/revisions"}],"predecessor-version":[{"id":16790,"href":"https:\/\/www.crisjoyas.com\/fr\/wp-json\/wp\/v2\/product\/559\/revisions\/16790"}],"wp:featuredmedia":[{"embeddable":true,"href":"https:\/\/www.crisjoyas.com\/fr\/wp-json\/wp\/v2\/media\/4049"}],"wp:attachment":[{"href":"https:\/\/www.crisjoyas.com\/fr\/wp-json\/wp\/v2\/media?parent=559"}],"wp:term":[{"taxonomy":"product_brand","embeddable":true,"href":"https:\/\/www.crisjoyas.com\/fr\/wp-json\/wp\/v2\/product_brand?post=559"},{"taxonomy":"product_cat","embeddable":true,"href":"https:\/\/www.crisjoyas.com\/fr\/wp-json\/wp\/v2\/product_cat?post=559"},{"taxonomy":"product_tag","embeddable":true,"href":"https:\/\/www.crisjoyas.com\/fr\/wp-json\/wp\/v2\/product_tag?post=559"}],"curies":[{"name":"wp","href":"https:\/\/api.w.org\/{rel}","templated":true}]}}